{"id":5886,"date":"2016-02-01T08:36:12","date_gmt":"2016-02-01T08:36:12","guid":{"rendered":"http:\/\/aem.ro\/de\/?page_id=5886"},"modified":"2016-02-04T14:25:08","modified_gmt":"2016-02-04T14:25:08","slug":"produse","status":"publish","type":"page","link":"https:\/\/www.aem.ro\/de\/produse\/","title":{"rendered":"Produkte"},"content":{"rendered":"<div id=\"fws_69e73bc5b775f\" class=\"wpb_row animate_onoffset  vc_row-fluid  animate_onoffset row-dynamic-el section-style    \" style=\"padding-top: 60px !important; padding-bottom: 60px !important; \"><div class=\"container  dark\"><div class=\"section_clear\">\n\t<div class=\"vc_col-sm-12 wpb_column column_container with_padding\" style=\"padding:\" data-animation=\"\" data-delay=\"\">\n\t\t<div class=\"wpb_wrapper\">\n\t\t\t<div class=\"vc_row wpb_row vc_inner vc_row-fluid\"><div class=\"wpb_column vc_column_container vc_col-sm-3\"><div class=\"wpb_wrapper\">\t<div class=\"vc_empty_space\"  style=\"height: 20px\" ><span\n\t\t\tclass=\"vc_empty_space_inner\"><\/span><\/div><div class=\"header \" style=\"\"><h2>Produkte<\/h2><\/div>\n\t<div class=\"wpb_text_column wpb_content_element \">\n\t\t<div class=\"wpb_wrapper\">\n\t\t\t<p>AEM bietet innovative Produkte und L\u00f6sungen an. Der gesamte Produktionsprozess wird innerhalb von AEM von Top-Fachkr\u00e4ften durchgef\u00fchrt. Dabei kommen zum Teil moderne Roboteranlagen zum Einsatz, die speziell f\u00fcr die Bed\u00fcrfnisse unseres Unternehmens entworfen wurden.<\/p>\n<p>Das Integrationsniveau des Herstellungsprozesses betr\u00e4gt heute 100 Prozent.<br \/>\nDie Bearbeitungsteile und Baugruppen, aus denen die Produkte von AEM zusammengesetzt werden, werden von in den betreffenden Bereichen spezialisierten Fachkr\u00e4ften gefertigt, wodurch eine hohe Qualit\u00e4t und eine wirtschaftliche, flexible und schnelle Produktion gew\u00e4hrleistet werden.<\/p>\n\n\t\t<\/div> \n\t<\/div> <\/div><\/div><div class=\"wpb_column vc_column_container vc_col-sm-3 vc_custom_1446454487097\"><div class=\"wpb_wrapper\">\n\t<div class=\"wpb_raw_code wpb_content_element wpb_raw_html\">\n\t\t<div class=\"wpb_wrapper\">\n\t\t\t<div onclick=\"document.location = '\/de\/contoare-de-electricitate\/'\" style=\"text-align: center;\"><h3 style=\"line-height: 40px;\"> Stromz\u00e4hler <\/h3><\/div>\n<div onclick=\"document.location = '\/de\/contoare-de-electricitate\/'\" style=\"border: 2px solid #F4A426; padding: 50px 30px;cursor: pointer; height: 155px;\">\n<img src=\"\/wp-content\/uploads\/2015\/11\/prod-electrical.png\" alt=\"electrical\">\n<\/div>\n<div onclick=\"document.location = '\/de\/contoare-de-electricitate\/'\" style=\"width: 100%; height: 35px; background-color: #F4A426; color: #fff; text-align: center;font-size: 1.03em;line-height: 33px;font-weight: bold;cursor: pointer;\">\nALLE PRODUKTE ANSEHEN\n<\/div>\n\t\t<\/div>\n\t<\/div>\n<\/div><\/div><div class=\"wpb_column vc_column_container vc_col-sm-3 vc_custom_1446455331534\"><div class=\"wpb_wrapper\">\n\t<div class=\"wpb_raw_code wpb_content_element wpb_raw_html\">\n\t\t<div class=\"wpb_wrapper\">\n\t\t\t<div onclick=\"document.location = '\/de\/contoare-de-gaz'\" style=\"text-align: center;\"><h3 style=\"line-height: 40px;\"> Gasz\u00e4hler <\/h3><\/div>\n<div onclick=\"document.location = '\/de\/contoare-de-gaz\/'\" style=\"border: 2px solid #F4A426; padding: 50px 30px;cursor: pointer; height: 155px;\">\n<img src=\"\/wp-content\/uploads\/2015\/11\/prod-gas.png\" alt=\"electrical\">\n<\/div>\n<div onclick=\"document.location = '\/de\/contoare-de-gaz'\" style=\"width: 100%; height: 35px; background-color: #F4A426; color: #fff; text-align: center;font-size: 1.03em;line-height: 33px;font-weight: bold;cursor: pointer;\">\nALLE PRODUKTE ANSEHEN\n<\/div>\n\t\t<\/div>\n\t<\/div>\n<\/div><\/div><div class=\"wpb_column vc_column_container vc_col-sm-3 vc_custom_1446455339850\"><div class=\"wpb_wrapper\">\n\t<div class=\"wpb_raw_code wpb_content_element wpb_raw_html\">\n\t\t<div class=\"wpb_wrapper\">\n\t\t\t<div onclick=\"document.location = '\/de\/alte-produse\/'\" style=\"text-align: center;\"><h3 style=\"line-height: 40px;\"> Weitere Produkte <\/h3><\/div>\n<div onclick=\"document.location = '\/de\/alte-produse\/'\" style=\"border: 2px solid #F4A426; padding: 30px 50px 70px 53px;cursor: pointer;height: 155px;\">\n<img src=\"\/wp-content\/uploads\/2015\/11\/prod-other.png\" alt=\"electrical\" style=\"\n    height: 200px;\n\">\n<\/div>\n<div onclick=\"document.location = '\/de\/alte-produse\/'\" style=\"width: 100%; height: 35px; background-color: #F4A426; color: #fff; text-align: center;font-size: 1.03em;line-height: 33px;font-weight: bold;cursor: pointer;\">\nALLE PRODUKTE ANSEHEN\n<\/div>\n\t\t<\/div>\n\t<\/div>\n<\/div><\/div><\/div>\n\t\t<\/div> \n\t<\/div> \n<\/div><\/div><\/div>\n","protected":false},"excerpt":{"rendered":"Produkte AEM bietet innovative Produkte und L\u00f6sungen an. Der gesamte Produktionsprozess wird innerhalb von AEM von Top-Fachkr\u00e4ften durchgef\u00fchrt. Dabei kommen zum Teil moderne Roboteranlagen zum Einsatz, die speziell f\u00fcr die Bed\u00fcrfnisse unseres Unternehmens entworfen wurden. Das Integrationsniveau des Herstellungsprozesses betr\u00e4gt heute 100 Prozent. Die Bearbeitungsteile und Baugruppen, aus denen die Produkte von AEM zusammengesetzt werden,","protected":false},"author":1,"featured_media":0,"parent":0,"menu_order":0,"comment_status":"open","ping_status":"closed","template":"","meta":[],"_links":{"self":[{"href":"https:\/\/www.aem.ro\/de\/wp-json\/wp\/v2\/pages\/5886"}],"collection":[{"href":"https:\/\/www.aem.ro\/de\/wp-json\/wp\/v2\/pages"}],"about":[{"href":"https:\/\/www.aem.ro\/de\/wp-json\/wp\/v2\/types\/page"}],"author":[{"embeddable":true,"href":"https:\/\/www.aem.ro\/de\/wp-json\/wp\/v2\/users\/1"}],"replies":[{"embeddable":true,"href":"https:\/\/www.aem.ro\/de\/wp-json\/wp\/v2\/comments?post=5886"}],"version-history":[{"count":7,"href":"https:\/\/www.aem.ro\/de\/wp-json\/wp\/v2\/pages\/5886\/revisions"}],"predecessor-version":[{"id":7216,"href":"https:\/\/www.aem.ro\/de\/wp-json\/wp\/v2\/pages\/5886\/revisions\/7216"}],"wp:attachment":[{"href":"https:\/\/www.aem.ro\/de\/wp-json\/wp\/v2\/media?parent=5886"}],"curies":[{"name":"wp","href":"https:\/\/api.w.org\/{rel}","templated":true}]}}