{"id":5892,"date":"2016-02-01T08:55:37","date_gmt":"2016-02-01T08:55:37","guid":{"rendered":"http:\/\/aem.ro\/de\/?page_id=5892"},"modified":"2016-02-24T08:36:38","modified_gmt":"2016-02-24T08:36:38","slug":"calitate","status":"publish","type":"page","link":"https:\/\/www.aem.ro\/de\/calitate\/","title":{"rendered":"Qualit\u00e4t"},"content":{"rendered":"<div id=\"fws_69e9d84b3e80f\" class=\"wpb_row animate_onoffset  vc_row-fluid  animate_onoffset row-dynamic-el standard_section    \" style=\"padding-top: 0px !important; padding-bottom: 0px !important; \"><div id=\"standarde\" style=\"position: absolute;\"><\/div><div class=\"container  dark\"><div class=\"section_clear\">\n\t<div class=\"vc_col-sm-12 wpb_column column_container with_padding\" style=\"padding:\" data-animation=\"\" data-delay=\"\">\n\t\t<div class=\"wpb_wrapper\">\n\t\t\t<div class=\"header \" style=\"\"><h2>Internationale Standards<\/h2><\/div>\n\t<div class=\"wpb_text_column wpb_content_element \">\n\t\t<div class=\"wpb_wrapper\">\n\t\t\t<p style=\"text-align: left;\"><a href=\"http:\/\/aem.ro\/wp-content\/uploads\/2015\/10\/standarde-internationale.png\"><img loading=\"lazy\" class=\"size-full wp-image-5092 alignleft\" src=\"http:\/\/aem.ro\/wp-content\/uploads\/2015\/10\/standarde-internationale.png\" alt=\"standarde-internationale\" width=\"300\" height=\"200\" \/><\/a><\/p>\n<p>Qualit\u00e4t ist ein wesentlicher Aspekt unserer Produkte und Dienstleistungen und nimmt deshalb innerhalb der Aktiengesellschaft SC AEM SA eine besondere Stellung ein. Unser Ziel ist es, die Bed\u00fcrfnisse unserer Kunden zu ermitteln und zu erf\u00fcllen.<\/p>\n<p>Die Aktiengesellschaft SC AEM SA hat es sich zur Aufgabe gemacht, ihre F\u00fchrungsposition als Hersteller von Energiez\u00e4hlern in Rum\u00e4nien aufrechtzuerhalten, die Nutzung der von ihr produzierten Strom- und Gasz\u00e4hler auf den Energiem\u00e4rkten in Europa, Asien und Lateinamerika voranzutreiben und gegen\u00fcber Kunden als bevorzugter, kompetenter und ehrlicher Partner aufzutreten.<\/p>\n<p>Um diese Ziele zu erreichen, stellen wir s\u00e4mtliche unserer Produkte in \u00dcbereinstimmung mit nationalen und internationalen Standards und Normen her.<\/p>\n<p>Die Aktiengesellschaft AEM SA hat sich sowohl auf Ebene der Gesamtorganisation als auch auf Ebene der Organisationseinheiten konkrete Ziele gesetzt, wobei das allerh\u00f6chste Ziel in der Erf\u00fcllung der Anforderungen, Bed\u00fcrfnisse und Erwartungen des Kunden besteht. Um dies zu erreichen, binden wir unsere Mitarbeiter umfassend ein, sorgen f\u00fcr verantwortungsvolles Handeln und investieren fortlaufend in den Ausbau der Kompetenzen, Kenntnisse und Erfahrungen unseres Personals. Diese stetige Perfektionierung ist ein wichtiger Bestandteil der T\u00e4tigkeit der Gesch\u00e4ftsleitung wie auch jedes einzelnen Mitarbeiters.<\/p>\n<p>Die metrologischen Pr\u00fcfungen, Kalibrierungen sowie Tests, denen unsere Produkte wie auch weitere Messger\u00e4te unterzogen werden, erfolgt ausschlie\u00dflich innerhalb unserer Labors. Das Metrologielabor ist in \u00dcbereinstimmung mit den Bestimmungen der EN ISO\/CEI 17025 akkreditiert und vom Rum\u00e4nischen Amt f\u00fcr gesetzliches Messwesen (<em>Biroul Rom\u00e2n de Metrologie Legal<\/em><em>\u0103<\/em>) zugelassen.<\/p>\n<p>Die Aktiengesellschaft SC AEM SA hat sich durch ihre Politik im Bereich des Umwelt-, Gesundheits- und Arbeitsschutzes verpflichtet, die Herstellung ihrer Produkte und die Erbringung ihrer Dienstleistungen in \u00dcbereinstimmung mit den spezifizierten Anforderungen zu gew\u00e4hrleisten, ohne die Umwelt oder die Gesundheit und Arbeitssicherheit des eigenen Personals oder des von Partnern zu beeintr\u00e4chtigen. Die Umsetzung dieses Ziels wird durch die Einhaltung der Normen ISO 14001 und OHSAS 18001 gew\u00e4hrleistet. Die Aktiengesellschaft SC AEM SA investiert fortlaufend in die Sicherstellung des Umweltschutzes und in umweltfreundliche Anlagen, darunter Kl\u00e4ranlagen und Anlagen f\u00fcr das Waschen galvanischer Gase.<\/p>\n<p>Die in unserem Unternehmen besch\u00e4ftigten Fachleute schenken jeder technologischen Etappe, beginnend mit dem ersten Stadium des Produktionsvorgangs bis hin zur Bereitstellung der Dienstleistungen und L\u00f6sungen an den Kunden, ihre ganze Leidenschaft und Aufmerksamkeit. Auf diese Weise wird die weltweit anerkannte Qualit\u00e4t der von uns hergestellten Energiez\u00e4hler f\u00fcr Strom und Gas gew\u00e4hrleistet.<\/p>\n\n\t\t<\/div> \n\t<\/div> \n\t<div class=\"wpb_raw_code wpb_content_element wpb_raw_html\">\n\t\t<div class=\"wpb_wrapper\">\n\t\t\t<a href=\"\/wp-content\/PDF\/AEM_qual_de.pdf\" target=\"_blank\">\n<div class=\"custom-btn\" style=\"width: 250px;\">\n\tQualit\u00e4tspolitik herunterladen\n<\/div>\n<\/a>\n\t\t<\/div>\n\t<\/div>\n\t<div class=\"vc_empty_space\"  style=\"height: 32px\" ><span\n\t\t\tclass=\"vc_empty_space_inner\"><\/span><\/div>\n\t\t<\/div> \n\t<\/div> \n<\/div><\/div><\/div><div id=\"fws_69e9d84b3fd1b\" class=\"wpb_row animate_onoffset  vc_row-fluid  animate_onoffset row-dynamic-el standard_section    \" style=\"padding-top: 0px !important; padding-bottom: 0px !important; \"><div id=\"testare\" style=\"position: absolute;\"><\/div><div class=\"container  dark\"><div class=\"section_clear\">\n\t<div class=\"vc_col-sm-12 wpb_column column_container with_padding\" style=\"padding:\" data-animation=\"\" data-delay=\"\">\n\t\t<div class=\"wpb_wrapper\">\n\t\t\t<div class=\"header \" style=\"\"><h2>Qualit\u00e4tsmanagement f\u00fcr Produkte und Prozesse<\/h2><\/div>\n\t<div class=\"wpb_text_column wpb_content_element \">\n\t\t<div class=\"wpb_wrapper\">\n\t\t\t<p><a href=\"http:\/\/aem.ro\/wp-content\/uploads\/2015\/10\/AEM_3500.jpg\"><img loading=\"lazy\" class=\"alignnone size-medium wp-image-4629\" src=\"http:\/\/aem.ro\/wp-content\/uploads\/2015\/10\/AEM_3500.jpg\" alt=\"AEM_3500\" width=\"1\" height=\"1\" \/><\/a><a href=\"http:\/\/aem.ro\/wp-content\/uploads\/2015\/10\/AEM_35001.jpg\"><img loading=\"lazy\" class=\"size-medium wp-image-4631 alignleft\" src=\"http:\/\/aem.ro\/wp-content\/uploads\/2015\/10\/AEM_35001-300x200.jpg\" alt=\"AEM_3500\" width=\"300\" height=\"200\" srcset=\"https:\/\/www.aem.ro\/wp-content\/uploads\/2015\/10\/AEM_35001-300x200.jpg 300w, https:\/\/www.aem.ro\/wp-content\/uploads\/2015\/10\/AEM_35001-1024x683.jpg 1024w, https:\/\/www.aem.ro\/wp-content\/uploads\/2015\/10\/AEM_35001-930x620.jpg 930w, https:\/\/www.aem.ro\/wp-content\/uploads\/2015\/10\/AEM_35001.jpg 1920w, https:\/\/www.aem.ro\/wp-content\/uploads\/2015\/10\/AEM_35001-300x200@2x.jpg 600w, https:\/\/www.aem.ro\/wp-content\/uploads\/2015\/10\/AEM_35001-930x620@2x.jpg 1860w\" sizes=\"(max-width: 300px) 100vw, 300px\" \/><\/a>Aus dem Wunsch heraus, mit seinen Produkten die h\u00f6chsten Qualit\u00e4tsstandards zu erf\u00fcllen, hat unser Unternehmen in automatisierte Anlagen investiert. Die Datenerfassung wird integriert mithilfe von Prozessrechnern durchgef\u00fchrt, wodurch die Produktionsprozesse bis ins Detail abgesichert werden und die Gefahr des Auftretens menschlicher Fehler auf ein Minimum reduziert wird.<\/p>\n<p>Da wir uns mit den Anforderungen des Strommarktes bestens auskennen, war es uns m\u00f6glich, eine breite Palette intelligenter L\u00f6sungen in Form der SMART AMR-Systeme (<em>automatic meter reading<\/em>) zu entwickeln. Sie erm\u00f6glichen unseren Kunden eine flexible und effiziente Erfassung und Verwaltung von Daten sowie die Weiterleitung von Informationen an Kunden, Lieferanten, Versorgungsunternehmen oder Dienstleister, wodurch auch die Integration mit anderen Datenverwaltungssystemen erleichtert wird.<\/p>\n<p>Um h\u00f6chste Qualit\u00e4t zu gew\u00e4hrleisten, wurden die Montagewerkst\u00e4tten der Z\u00e4hlwerke mit automatischen Anlagen auf dem neuesten Stand der Technik ausgestattet. Die metrologische Pr\u00fcfung der Z\u00e4hlwerke erfolgt mit hochleistungsf\u00e4higen Testger\u00e4ten, die in automatische und computergest\u00fctzte Systeme integriert sind.<\/p>\n<p>Die Aktiengesellschaft AEM SA besch\u00e4ftigt im Bereich Forschung und Energiemessung spezialisierte Fachleute, die mit hochleistungsf\u00e4higen Computersystemen und speziellen Anwendungen zur computergest\u00fctzten Planung sicherstellen, dass alle unsere Produkte h\u00f6chsten Qualit\u00e4tsanforderungen gen\u00fcgen.<\/p>\n\n\t\t<\/div> \n\t<\/div> \n\t\t<\/div> \n\t<\/div> \n<\/div><\/div><\/div><div id=\"fws_69e9d84b405d2\" class=\"wpb_row animate_onoffset  vc_row-fluid  animate_onoffset row-dynamic-el standard_section    \" style=\"padding-top: 0px !important; padding-bottom: 0px !important; \"><div id=\"certificate\" style=\"position: absolute;\"><\/div><div class=\"container  dark\"><div class=\"section_clear\">\n\t<div class=\"vc_col-sm-12 wpb_column column_container with_padding\" style=\"padding:\" data-animation=\"\" data-delay=\"\">\n\t\t<div class=\"wpb_wrapper\">\n\t\t\t<div class=\"header \" style=\"\"><h2>Zertifikate<\/h2><\/div>\n\t\t<\/div> \n\t<\/div> \n<\/div><\/div><\/div><div id=\"fws_69e9d84b40c11\" class=\"wpb_row animate_onoffset  vc_row-fluid  animate_onoffset row-dynamic-el standard_section    \" style=\"padding-top: 0px !important; padding-bottom: 0px !important; \"><div class=\"container  dark\"><div class=\"section_clear\">\n\t<div class=\"vc_col-sm-12 wpb_column column_container with_padding\" style=\"padding:\" data-animation=\"\" data-delay=\"\">\n\t\t<div class=\"wpb_wrapper\">\n\t\t\t\n\t<div class=\"wpb_raw_code wpb_content_element wpb_raw_html\">\n\t\t<div class=\"wpb_wrapper\">\n\t\t\t<script src=\"\/wp-content\/lateral-slider\/jquery-pause.js\"><\/script>\n<script>\nvar dir = \"\/wp-content\/lateral-slider\/certificate\/\"; \/\/ directory containing images\nvar fileExtension = \".jpg\"; \/\/ for multiple extensions use var fileExtension = [\".png\", \".jpg\"];\nvar imgWrapperWidth = 220; \/\/ width of one image wrapper in px, also change in css .image-wrapper { width: x }\nvar $slidingWrapper;\nvar $imgWrappers;\nvar left = true; \/\/ slide left first\nvar time = 100000; \/\/ ms, adjust speed here\n\/\/ urls for each image \n\njQuery(document).ready(function($) {\n\t$slidingWrapper = $(\"#sliding-wrapper\");\n\t$.ajax({\n\t\t\/\/This will retrieve the contents of the folder if the folder is configured as 'browsable'\n\t\turl: dir,\n\t\tsuccess: function (data) {\n\t\t\t\/\/List all .png file names in the page\n\t\t\tvar i = 0;\n\t\t\t\/\/ for each image found in dir\n\t\t\t$(data).find(\"a:contains(\" + fileExtension + \")\").each(function () {\n\t\t\t\t\/\/ get image filename\n\t\t\t\tvar filename = this.href.substring(this.href.lastIndexOf(\"\/\") + 1, this.href.lenght);\n\t\t\t\t\/\/ place each image at imgWrapperWidth left of the previous\n\t\t\t\t$slidingWrapper.append(\"<div style='left:\" + i * imgWrapperWidth + \"px' class='image-wrapper'><a href='\" + getURL(filename) + \"'><img class='slider-image' src='\" + dir + filename + \"'\/><\/a><\/div>\");\n\t\t\t\ti++;\n\t\t\t});\n\t\t}\n\t}).done(function slide() {\n\t\t$imgWrappers = $(\".image-wrapper\");\n\t\t\/\/setInterval(animation, time); \/\/ set repetition interval\n\t\tanimation(); \/\/ trigger animation once until setInterval begins\n\t});\n\t$(\"#slider-wrapper\").hover(\n\t\tfunction() {\n\t\t\t$slidingWrapper.pause();\n\t\t},\n\t\tfunction() {\n\t\t\t$slidingWrapper.resume();\n\t\t}\n\t);\n});\nfunction animation() {\n\tif (left) {\n\t\t\/\/ animate to the left all to images' widths - container width \n\t\t\/\/ 'linear' = no acceletarion \/ 'swing' = acceletarion\n\t\t$slidingWrapper.animate({left: -(imgWrapperWidth * $imgWrappers.length - jQuery(\"#slider-wrapper\").width())}, time, 'linear', animation);\n\t}\n\telse {\n\t\t$slidingWrapper.animate({left: 0}, time, 'linear', animation); \n\t}\n\tleft = !left;\n}\nfunction getURL(f) {\n\treturn \"\/wp-content\/lateral-slider\/certificate-xl\/\" + f;\n}\n<\/script>\n<a href=\"#\" style=\"float: left; width: 100%;\">\n<div id=\"slider-wrapper\"> \n<div id=\"sliding-wrapper\">\n<\/div>\n<\/div>\n<\/a>\n<style>\n#slider-wrapper {\n\tposition: relative;\n\twidth: 100%;\n\theight: 200px;\n\tmargin: 0;\n\tborder: 1px solid orange;\n\toverflow: hidden;\n\ttext-align: left;\n        background-color: rgba(255, 152, 0, 0.15);\n}\n#sliding-wrapper {\n\tposition: absolute;\n\theight: 100%;\n\twidth: 100%;\n\tleft: 0;\n}\n.image-wrapper {\n\tposition: absolute;\n\tdisplay: inline-block;\n\theight: 100%;\n\twidth: 220px;\n\ttext-align: center;\n}\n.slider-image {\n\theight: calc(100% - 20px);\n\tpadding: 10px 20px 10px 20px;\n}\n<\/style>\n\t\t<\/div>\n\t<\/div>\n\n\t\t<\/div> \n\t<\/div> \n<\/div><\/div><\/div>\n","protected":false},"excerpt":{"rendered":"Internationale Standards Qualit\u00e4t ist ein wesentlicher Aspekt unserer Produkte und Dienstleistungen und nimmt deshalb innerhalb der Aktiengesellschaft SC AEM SA eine besondere Stellung ein. Unser Ziel ist es, die Bed\u00fcrfnisse unserer Kunden zu ermitteln und zu erf\u00fcllen. Die Aktiengesellschaft SC AEM SA hat es sich zur Aufgabe gemacht, ihre F\u00fchrungsposition als Hersteller von Energiez\u00e4hlern in","protected":false},"author":1,"featured_media":0,"parent":0,"menu_order":0,"comment_status":"closed","ping_status":"closed","template":"","meta":[],"_links":{"self":[{"href":"https:\/\/www.aem.ro\/de\/wp-json\/wp\/v2\/pages\/5892"}],"collection":[{"href":"https:\/\/www.aem.ro\/de\/wp-json\/wp\/v2\/pages"}],"about":[{"href":"https:\/\/www.aem.ro\/de\/wp-json\/wp\/v2\/types\/page"}],"author":[{"embeddable":true,"href":"https:\/\/www.aem.ro\/de\/wp-json\/wp\/v2\/users\/1"}],"replies":[{"embeddable":true,"href":"https:\/\/www.aem.ro\/de\/wp-json\/wp\/v2\/comments?post=5892"}],"version-history":[{"count":5,"href":"https:\/\/www.aem.ro\/de\/wp-json\/wp\/v2\/pages\/5892\/revisions"}],"predecessor-version":[{"id":7418,"href":"https:\/\/www.aem.ro\/de\/wp-json\/wp\/v2\/pages\/5892\/revisions\/7418"}],"wp:attachment":[{"href":"https:\/\/www.aem.ro\/de\/wp-json\/wp\/v2\/media?parent=5892"}],"curies":[{"name":"wp","href":"https:\/\/api.w.org\/{rel}","templated":true}]}}