{"id":5894,"date":"2016-02-01T09:03:25","date_gmt":"2016-02-01T09:03:25","guid":{"rendered":"http:\/\/aem.ro\/de\/?page_id=5894"},"modified":"2018-04-02T11:35:01","modified_gmt":"2018-04-02T11:35:01","slug":"soziale-verantwortung","status":"publish","type":"page","link":"https:\/\/www.aem.ro\/de\/soziale-verantwortung\/","title":{"rendered":"Soziale Verantwortung"},"content":{"rendered":"<div id=\"fws_69e4db2294c31\" class=\"wpb_row animate_onoffset  vc_row-fluid  animate_onoffset row-dynamic-el standard_section    \" style=\"padding-top: 0px !important; padding-bottom: 0px !important; \"><div id=\"investim\" style=\"position: absolute;\"><\/div><div class=\"container  dark\"><div class=\"section_clear\">\n\t<div class=\"vc_col-sm-12 wpb_column column_container with_padding\" style=\"padding:\" data-animation=\"\" data-delay=\"\">\n\t\t<div class=\"wpb_wrapper\">\n\t\t\t<div class=\"header \" style=\"\"><h2>Wir investieren in die Zukunft<\/h2><\/div>\n\t\t<\/div> \n\t<\/div> \n<\/div><\/div><\/div><div id=\"fws_69e4db2295afe\" class=\"wpb_row animate_onoffset  vc_row-fluid  animate_onoffset row-dynamic-el standard_section    \" style=\"padding-top: 0px !important; padding-bottom: 0px !important; \"><div class=\"container  dark\"><div class=\"section_clear\">\n\t<div class=\"vc_col-sm-4 wpb_column column_container with_padding\" style=\"padding:\" data-animation=\"\" data-delay=\"\">\n\t\t<div class=\"wpb_wrapper\">\n\t\t\t<div class=\"wpb_gallery wpb_content_element vc_clearfix\"><div class=\"wpb_wrapper\"><div class=\"wpb_gallery_slides wpb_flexslider flexslider_fade flexslider\" data-interval=\"3\" data-flex_fx=\"fade\"><ul class=\"slides\"><li><img width=\"725\" height=\"428\" src=\"https:\/\/www.aem.ro\/wp-content\/uploads\/2015\/10\/aem-green.png\" class=\"attachment-large\" alt=\"\" loading=\"lazy\" srcset=\"https:\/\/www.aem.ro\/wp-content\/uploads\/2015\/10\/aem-green.png 725w, https:\/\/www.aem.ro\/wp-content\/uploads\/2015\/10\/aem-green-300x177.png 300w, https:\/\/www.aem.ro\/wp-content\/uploads\/2015\/10\/aem-green-300x177@2x.png 600w\" sizes=\"(max-width: 725px) 100vw, 725px\" \/><\/li><\/ul><\/div><\/div><\/div>\n\t\t<\/div> \n\t<\/div> \n\n\t<div class=\"vc_col-sm-8 wpb_column column_container with_padding\" style=\"padding:\" data-animation=\"\" data-delay=\"\">\n\t\t<div class=\"wpb_wrapper\">\n\t\t\t\n\t<div class=\"wpb_text_column wpb_content_element \">\n\t\t<div class=\"wpb_wrapper\">\n\t\t\t<p><strong>Die Grundlage unseres heutigen wirtschaftlichen Erfolgs liegt in der sozialen Verantwortung. Der von AEM-Experten geschaffene Mehrwert ist nicht nur f\u00fcr das eigene Unternehmen, sondern f\u00fcr die gesamte Gesellschaft bestimmt.<\/strong><\/p>\n<p>Besondere Aufmerksamkeit schenkt AEM der Investition in die Zukunft von intelligenten L\u00f6sungen im Bereich Strom- und Gasz\u00e4hler, um Kunden hochwertige Produkte und Dienstleistungen anbieten zu k\u00f6nnen.<\/p>\n<p>Unser Unternehmen besitzt eine der fortschrittlichsten und umweltfreundlichsten Waschanlagen f\u00fcr beim Galvanisierungsprozess entstehende Gase in Mittel- und Osteuropa. Die automatischen Galvaniklinien der Galvanikwerkstatt sind mit PUSH-PULL-Bel\u00fcftungssystemen ausgestattet, und die Abgasanlagen sind je nach der Art der Abgase mit entsprechenden sauren oder alkalischen Gaswaschanlagen ausger\u00fcstet. Dadurch wird sichergestellt, dass die Schadstoffkonzentrationen der in die Atmosph\u00e4re abgeleiteten Gase gesetzliche Grenzwerte einhalten.<\/p>\n\n\t\t<\/div> \n\t<\/div> \n\t\t<\/div> \n\t<\/div> \n<\/div><\/div><\/div><div id=\"fws_69e4db22976b6\" class=\"wpb_row animate_onoffset  vc_row-fluid  animate_onoffset row-dynamic-el standard_section    \" style=\"padding-top: 0px !important; padding-bottom: 0px !important; \"><div class=\"container  dark\"><div class=\"section_clear\">\n\t<div class=\"vc_col-sm-12 wpb_column column_container with_padding vc_custom_1447319211227\" style=\"padding:\" data-animation=\"\" data-delay=\"\">\n\t\t<div class=\"wpb_wrapper\">\n\t\t\t\n\t<div class=\"wpb_text_column wpb_content_element \">\n\t\t<div class=\"wpb_wrapper\">\n\t\t\t<p style=\"font-weight: bold; color: #f4a426; font-size: 1.2em;\">Das in \u00dcbereinstimmung mit den Bestimmungen der Norm ISO 14001 entwickelte und gepflegte Umweltmanagementsystem wurde durch die SRAC ROMANIA (Rum\u00e4nische Gesellschaft f\u00fcr Qualit\u00e4tssicherung) autorisiert. Das Managementsystem f\u00fcr Gesundheit und Arbeitsschutz in Rum\u00e4nien wurde ebenfalls durch SRAC Romania, in \u00dcbereinstimmung mit den Bestimmungen der Norm OHSAS 18001-2007, autorisiert.<\/p>\n\n\t\t<\/div> \n\t<\/div> \t<div class=\"vc_empty_space\"  style=\"height: 10px\" ><span\n\t\t\tclass=\"vc_empty_space_inner\"><\/span><\/div>\n\t\t<\/div> \n\t<\/div> \n<\/div><\/div><\/div><div id=\"fws_69e4db2297fce\" class=\"wpb_row animate_onoffset  vc_row-fluid  animate_onoffset row-dynamic-el standard_section    \" style=\"padding-top: 0px !important; padding-bottom: 0px !important; \"><div id=\"comunitate\" style=\"position: absolute;\"><\/div><div class=\"container  dark\"><div class=\"section_clear\">\n\t<div class=\"vc_col-sm-12 wpb_column column_container with_padding\" style=\"padding:\" data-animation=\"\" data-delay=\"\">\n\t\t<div class=\"wpb_wrapper\">\n\t\t\t<div class=\"header \" style=\"\"><h2>Gemeinschaft<\/h2><\/div>\n\t\t<\/div> \n\t<\/div> \n<\/div><\/div><\/div><div id=\"fws_69e4db2298518\" class=\"wpb_row animate_onoffset  vc_row-fluid  animate_onoffset row-dynamic-el standard_section  nobulina  \" style=\"padding-top: 0px !important; padding-bottom: 0px !important; \"><div class=\"container  dark\"><div class=\"section_clear\">\n\t<div class=\"vc_col-sm-4 wpb_column column_container with_padding\" style=\"padding:\" data-animation=\"\" data-delay=\"\">\n\t\t<div class=\"wpb_wrapper\">\n\t\t\t<div class=\"wpb_gallery wpb_content_element vc_clearfix\"><div class=\"wpb_wrapper\"><div class=\"wpb_gallery_slides wpb_flexslider flexslider_fade flexslider\" data-interval=\"3\" data-flex_fx=\"fade\"><ul class=\"slides\"><li><img width=\"725\" height=\"428\" src=\"https:\/\/www.aem.ro\/wp-content\/uploads\/2015\/10\/zmeu.png\" class=\"attachment-large\" alt=\"\" loading=\"lazy\" srcset=\"https:\/\/www.aem.ro\/wp-content\/uploads\/2015\/10\/zmeu.png 725w, https:\/\/www.aem.ro\/wp-content\/uploads\/2015\/10\/zmeu-300x177.png 300w, https:\/\/www.aem.ro\/wp-content\/uploads\/2015\/10\/zmeu-300x177@2x.png 600w\" sizes=\"(max-width: 725px) 100vw, 725px\" \/><\/li><\/ul><\/div><\/div><\/div>\n\t\t<\/div> \n\t<\/div> \n\n\t<div class=\"vc_col-sm-8 wpb_column column_container with_padding\" style=\"padding:\" data-animation=\"\" data-delay=\"\">\n\t\t<div class=\"wpb_wrapper\">\n\t\t\t\n\t<div class=\"wpb_text_column wpb_content_element \">\n\t\t<div class=\"wpb_wrapper\">\n\t\t\t<p><strong>\u00a0<\/strong><strong>Wir sind davon \u00fcberzeugt, dass es in unserer Macht liegt und zugleich unsere Aufgabe ist, einen aktiven Beitrag zur Gesellschaft zu leisten.<\/strong><\/p>\n<p><strong>Karitative Ma\u00dfnahmen:<\/strong><\/p>\n<ul>\n<li>Spende von Computern und Multimedia-Ger\u00e4ten an Allgemeinschulen in verschiedenen Ortschaften des Landkreises Timi\u015f, die von den \u00dcberschwemmungen im Jahre 2005 betroffen waren.<br \/>\n\u2013\u00a0Spenden an den Verein \u201eLinia verde pentru protectia copilului\u201c (\u201e<em>Gr\u00fcne Linie f\u00fcr Kinderschutz<\/em>\u201c) zur Unterst\u00fctzung kranker Kinder.<br \/>\n\u2013\u00a0Spenden an den Verein \u201eVocea copiilor\u201c (\u201e<em>Kinderstimmen<\/em>\u201c) f\u00fcr die Durchf\u00fchrung der Aktion \u201eFloare de colt\u201c (\u201e<em>Edelwei\u00df<\/em>\u201c), ein landesweiter Talentwettbewerb f\u00fcr Kinder und Jugendliche, der im Rahmen des rum\u00e4nischen Kinderschutzsystems veranstaltet wurde.<br \/>\n\u2013\u00a0Spende an die Habilitationsstiftung \u201eFunda\u0163ia de Abilitare Speran\u0163a\u201c (\u201e<em>Hoffnung<\/em>\u201c) in Timi\u015foara f\u00fcr die Beschaffung eines Kleinbusses und die Einrichtung und Ausstattung des ersten Klubs f\u00fcr Jugendliche und Eltern in Rum\u00e4<br \/>\n\u2013\u00a0Bau eines Hauses in der Gemeinde Ionel nach den \u00dcberschwemmungen im Jahre 2005.<br \/>\n\u2013\u00a0Finanzierung der Modernisierung des H\u00f6rsaals des Musikgymnasiums Ion Vidu in Timi\u015foara.<\/li>\n<\/ul>\n\n\t\t<\/div> \n\t<\/div> \n\t\t<\/div> \n\t<\/div> \n<\/div><\/div><\/div><div id=\"fws_69e4db2299420\" class=\"wpb_row animate_onoffset  vc_row-fluid  animate_onoffset row-dynamic-el standard_section    \" style=\"padding-top: 0px !important; padding-bottom: 0px !important; \"><div class=\"container  dark\"><div class=\"section_clear\">\n\t<div class=\"vc_col-sm-12 wpb_column column_container with_padding\" style=\"padding:\" data-animation=\"\" data-delay=\"\">\n\t\t<div class=\"wpb_wrapper\">\n\t\t\t\n\t<div class=\"wpb_text_column wpb_content_element \">\n\t\t<div class=\"wpb_wrapper\">\n\t\t\t<p><strong>Freiwilliger Dienst in der Gemeinschaft:<\/strong><\/p>\n<p>\u2013\u00a0Freiwillige der Aktiengesellschaft SC AEM SA haben sich in den letzten f\u00fcnf Jahren an dem Hilfsprogramm des \u201eComplexul de servicii comunitare pentru copilul cu handicap\u201c (\u201e<em>Gemeinschaftsdienstkomplex f\u00fcr behinderte Kinder<\/em>\u201c) in der Stadtgemeinde Lugoj und des \u201eCentrul pentru sprijinirea integr\u0103rii familiale \u015fi profesionale a tinerilor Timi\u0219oara\u201c (\u201e<em>Hilfszentrum f\u00fcr famili\u00e4re und berufliche Integration Jugendlicher in Timi\u0219oara<\/em>\u201c) beteiligt, wobei sie j\u00e4hrlich anl\u00e4sslich der wichtigsten Festlichkeiten (Weihnachten, Ostern, Kindertag) Geschenke \u00fcbergaben.<\/p>\n<p>Gesch\u00e4ftsleitung und Mitarbeiter der Aktiengesellschaft SC AEM SA beteiligen sich auch weiterhin sowohl an unterschiedlichen Entwicklungsprogrammen der Gemeinschaft als an verschiedenen Ausbildungsinitiativen.<\/p>\n\n\t\t<\/div> \n\t<\/div> \n\t\t<\/div> \n\t<\/div> \n<\/div><\/div><\/div><div id=\"fws_69e4db22999c3\" class=\"wpb_row animate_onoffset  vc_row-fluid  animate_onoffset row-dynamic-el standard_section    \" style=\"padding-top: 0px !important; padding-bottom: 0px !important; \"><div class=\"container  dark\"><div class=\"section_clear\">\n\t<div class=\"vc_col-sm-12 wpb_column column_container with_padding\" style=\"padding:\" data-animation=\"\" data-delay=\"\">\n\t\t<div class=\"wpb_wrapper\">\n\t\t\t\n\t<div class=\"wpb_raw_code wpb_content_element wpb_raw_html\">\n\t\t<div class=\"wpb_wrapper\">\n\t\t\t<a class=\"vc_general vc_btn3 vc_btn3-size-md vc_btn3-shape-square vc_btn3-style-modern vc_btn3-color-warning\" href=\"http:\/\/aem.ro\/wp-content\/uploads\/2018\/04\/Cod-de-conduita-27.03.2018.pdf\" title=\"\" target=\"_blank\">Cod de conduita<\/a>\n\t\t<\/div>\n\t<\/div>\n\n\t\t<\/div> \n\t<\/div> \n<\/div><\/div><\/div>\n","protected":false},"excerpt":{"rendered":"Wir investieren in die Zukunft Die Grundlage unseres heutigen wirtschaftlichen Erfolgs liegt in der sozialen Verantwortung. Der von AEM-Experten geschaffene Mehrwert ist nicht nur f\u00fcr das eigene Unternehmen, sondern f\u00fcr die gesamte Gesellschaft bestimmt. Besondere Aufmerksamkeit schenkt AEM der Investition in die Zukunft von intelligenten L\u00f6sungen im Bereich Strom- und Gasz\u00e4hler, um Kunden hochwertige Produkte","protected":false},"author":1,"featured_media":0,"parent":0,"menu_order":0,"comment_status":"closed","ping_status":"closed","template":"","meta":[],"_links":{"self":[{"href":"https:\/\/www.aem.ro\/de\/wp-json\/wp\/v2\/pages\/5894"}],"collection":[{"href":"https:\/\/www.aem.ro\/de\/wp-json\/wp\/v2\/pages"}],"about":[{"href":"https:\/\/www.aem.ro\/de\/wp-json\/wp\/v2\/types\/page"}],"author":[{"embeddable":true,"href":"https:\/\/www.aem.ro\/de\/wp-json\/wp\/v2\/users\/1"}],"replies":[{"embeddable":true,"href":"https:\/\/www.aem.ro\/de\/wp-json\/wp\/v2\/comments?post=5894"}],"version-history":[{"count":9,"href":"https:\/\/www.aem.ro\/de\/wp-json\/wp\/v2\/pages\/5894\/revisions"}],"predecessor-version":[{"id":7466,"href":"https:\/\/www.aem.ro\/de\/wp-json\/wp\/v2\/pages\/5894\/revisions\/7466"}],"wp:attachment":[{"href":"https:\/\/www.aem.ro\/de\/wp-json\/wp\/v2\/media?parent=5894"}],"curies":[{"name":"wp","href":"https:\/\/api.w.org\/{rel}","templated":true}]}}