{"id":6644,"date":"2016-02-03T09:48:21","date_gmt":"2016-02-03T09:48:21","guid":{"rendered":"http:\/\/aem.ro\/de\/?page_id=6644"},"modified":"2018-10-17T09:43:05","modified_gmt":"2018-10-17T09:43:05","slug":"contoare-de-electricitate","status":"publish","type":"page","link":"https:\/\/www.aem.ro\/de\/contoare-de-electricitate\/","title":{"rendered":"Stromz\u00e4hler"},"content":{"rendered":"<div id=\"fws_69e1c57ed62ec\" class=\"wpb_row animate_onoffset  vc_row-fluid  animate_onoffset row-dynamic-el standard_section    \" style=\"padding-top: 0px !important; padding-bottom: 0px !important; \"><div class=\"container  dark\"><div class=\"section_clear\">\n\t<div class=\"vc_col-sm-12 wpb_column column_container with_padding\" style=\"padding:\" data-animation=\"\" data-delay=\"\">\n\t\t<div class=\"wpb_wrapper\">\n\t\t\t\n\t<div class=\"wpb_text_column wpb_content_element \">\n\t\t<div class=\"wpb_wrapper\">\n\t\t\t<h1>Elektronische Einphasenstromz\u00e4hler:<\/h1>\n\n\t\t<\/div> \n\t<\/div> \n\t\t<\/div> \n\t<\/div> \n<\/div><\/div><\/div><div id=\"fws_69e1c57ed7077\" class=\"wpb_row animate_onoffset  vc_row-fluid  animate_onoffset row-dynamic-el standard_section    \" style=\"padding-top: 0px !important; padding-bottom: 0px !important; \"><div id=\"ENERLUXM\" style=\"position: absolute;\"><\/div><div class=\"container  dark\"><div class=\"section_clear\">\n\t<div class=\"vc_col-sm-3 wpb_column column_container with_padding\" style=\"padding:\" data-animation=\"\" data-delay=\"\">\n\t\t<div class=\"wpb_wrapper\">\n\t\t\t<div class=\"wpb_gallery wpb_content_element vc_clearfix\"><div class=\"wpb_wrapper\"><div class=\"wpb_gallery_slides wpb_flexslider flexslider_fade flexslider\" data-interval=\"3\" data-flex_fx=\"fade\"><ul class=\"slides\"><li><a class=\"prettyphoto\" href=\"https:\/\/www.aem.ro\/wp-content\/uploads\/2015\/10\/poza-Enerlux-M-01.png\" rel=\"prettyPhoto[rel-6644-623183028]\"><img width=\"266\" height=\"300\" src=\"https:\/\/www.aem.ro\/wp-content\/uploads\/2015\/10\/poza-Enerlux-M-01-266x300.png\" class=\"attachment-medium\" alt=\"\" loading=\"lazy\" srcset=\"https:\/\/www.aem.ro\/wp-content\/uploads\/2015\/10\/poza-Enerlux-M-01-266x300.png 266w, https:\/\/www.aem.ro\/wp-content\/uploads\/2015\/10\/poza-Enerlux-M-01.png 788w, https:\/\/www.aem.ro\/wp-content\/uploads\/2015\/10\/poza-Enerlux-M-01-266x300@2x.png 532w\" sizes=\"(max-width: 266px) 100vw, 266px\" \/><\/a><\/li><\/ul><\/div><\/div><\/div>\n\t\t<\/div> \n\t<\/div> \n\n\t<div class=\"vc_col-sm-3 wpb_column column_container with_padding\" style=\"padding:\" data-animation=\"\" data-delay=\"\">\n\t\t<div class=\"wpb_wrapper\">\n\t\t\t\n\t<div class=\"wpb_text_column wpb_content_element \">\n\t\t<div class=\"wpb_wrapper\">\n\t\t\t<p><strong>ENERLUX M<\/strong><\/p>\n<p>ENERLUX M ist ein Z\u00e4hler der neuesten Generation und wurde mit den neuesten Technologien aus dem Bereich<br \/>\nhergestellt.<br \/>\n\u2022 Z\u00e4hler neuester Generation, mit 4 arifen, multifunktional<br \/>\n\u2022 Maximale \u00dcberlast 1600%, Klasse 1 (EN 62053-21),<br \/>\n\u2022 Kommunikationsm\u00f6glichkeiten (EN 62056-21)<\/p>\n\n\t\t<\/div> \n\t<\/div> \n\t<div class=\"wpb_raw_code wpb_content_element wpb_raw_html\">\n\t\t<div class=\"wpb_wrapper\">\n\t\t\t<a href=\"\/wp-content\/uploads\/2018\/08\/Fisa-tehnica-Enerlux-M-eng.pdf\" download=\"\" style=\"\n    border: 1px solid #F4A426;\n    padding: 10px;\n    border-radius: 5px;\n    color: #fff;\n    background-color: #F4A426;\n\">Download PDF<\/a>\n\t\t<\/div>\n\t<\/div>\n\n\t\t<\/div> \n\t<\/div> \n\n\t<div class=\"vc_col-sm-3 wpb_column column_container with_padding\" style=\"padding:\" data-animation=\"\" data-delay=\"\">\n\t\t<div class=\"wpb_wrapper\">\n\t\t\t<div class=\"wpb_gallery wpb_content_element vc_clearfix\"><div class=\"wpb_wrapper\"><div class=\"wpb_gallery_slides wpb_flexslider flexslider_fade flexslider\" data-interval=\"3\" data-flex_fx=\"fade\"><ul class=\"slides\"><li><a class=\"prettyphoto\" href=\"https:\/\/www.aem.ro\/wp-content\/uploads\/2015\/10\/CSM-02013.png\" rel=\"prettyPhoto[rel-6644-134278902]\"><img width=\"900\" height=\"900\" src=\"https:\/\/www.aem.ro\/wp-content\/uploads\/2015\/10\/CSM-02013.png\" class=\"attachment-large\" alt=\"\" loading=\"lazy\" srcset=\"https:\/\/www.aem.ro\/wp-content\/uploads\/2015\/10\/CSM-02013.png 900w, https:\/\/www.aem.ro\/wp-content\/uploads\/2015\/10\/CSM-02013-150x150.png 150w, https:\/\/www.aem.ro\/wp-content\/uploads\/2015\/10\/CSM-02013-300x300.png 300w, https:\/\/www.aem.ro\/wp-content\/uploads\/2015\/10\/CSM-02013-36x36.png 36w, https:\/\/www.aem.ro\/wp-content\/uploads\/2015\/10\/CSM-02013-300x300@2x.png 600w, https:\/\/www.aem.ro\/wp-content\/uploads\/2015\/10\/CSM-02013-36x36@2x.png 72w\" sizes=\"(max-width: 900px) 100vw, 900px\" \/><\/a><\/li><li><a class=\"prettyphoto\" href=\"https:\/\/www.aem.ro\/wp-content\/uploads\/2015\/10\/CSM-020121.png\" rel=\"prettyPhoto[rel-6644-134278902]\"><img width=\"900\" height=\"900\" src=\"https:\/\/www.aem.ro\/wp-content\/uploads\/2015\/10\/CSM-020121.png\" class=\"attachment-large\" alt=\"\" loading=\"lazy\" srcset=\"https:\/\/www.aem.ro\/wp-content\/uploads\/2015\/10\/CSM-020121.png 900w, https:\/\/www.aem.ro\/wp-content\/uploads\/2015\/10\/CSM-020121-150x150.png 150w, https:\/\/www.aem.ro\/wp-content\/uploads\/2015\/10\/CSM-020121-300x300.png 300w, https:\/\/www.aem.ro\/wp-content\/uploads\/2015\/10\/CSM-020121-36x36.png 36w, https:\/\/www.aem.ro\/wp-content\/uploads\/2015\/10\/CSM-020121-300x300@2x.png 600w, https:\/\/www.aem.ro\/wp-content\/uploads\/2015\/10\/CSM-020121-36x36@2x.png 72w\" sizes=\"(max-width: 900px) 100vw, 900px\" \/><\/a><\/li><\/ul><\/div><\/div><\/div>\n\t\t<\/div> \n\t<\/div> \n\n\t<div class=\"vc_col-sm-3 wpb_column column_container with_padding\" style=\"padding:\" data-animation=\"\" data-delay=\"\">\n\t\t<div class=\"wpb_wrapper\">\n\t\t\t\n\t<div class=\"wpb_text_column wpb_content_element \">\n\t\t<div class=\"wpb_wrapper\">\n\t\t\t<p><strong>CSM 0201<\/strong><\/p>\n<p>Der CSM 0201-Z\u00e4hler geh\u00f6rt, die fu\u0308r\u00a0die Stromberechnung in monophasischen\u00a0Niederspannungsnetzen Eintarifrechnungssysteme anwenden\u00a0zur Kategorie der Messinstrumente\u00a0und dient zur Aufnahme der elektrischen Wirk- und\u00a0Blindenergie fu\u0308r private und gewerbliche Verbraucher.<\/p>\n\n\t\t<\/div> \n\t<\/div> \n\t<div class=\"wpb_raw_code wpb_content_element wpb_raw_html\">\n\t\t<div class=\"wpb_wrapper\">\n\t\t\t<a href=\"\/wp-content\/uploads\/2018\/08\/Fisa-tehnica-CSM-0201-eng.pdf\" download=\"\" style=\"\n    border: 1px solid #F4A426;\n    padding: 10px;\n    border-radius: 5px;\n    color: #fff;\n    background-color: #F4A426;\n\">Download PDF<\/a>\n\t\t<\/div>\n\t<\/div>\n\n\t\t<\/div> \n\t<\/div> \n<\/div><\/div><\/div><div id=\"fws_69e1c57edb2b5\" class=\"wpb_row animate_onoffset  vc_row-fluid  animate_onoffset row-dynamic-el standard_section    \" style=\"padding-top: 0px !important; padding-bottom: 0px !important; \"><div id=\"ENERLUXMPLC\" style=\"position: absolute;\"><\/div><div class=\"container  dark\"><div class=\"section_clear\">\n\t<div class=\"vc_col-sm-3 wpb_column column_container with_padding\" style=\"padding:\" data-animation=\"\" data-delay=\"\">\n\t\t<div class=\"wpb_wrapper\">\n\t\t\t<div class=\"wpb_gallery wpb_content_element vc_clearfix\"><div class=\"wpb_wrapper\"><div class=\"wpb_gallery_slides wpb_flexslider flexslider_fade flexslider\" data-interval=\"3\" data-flex_fx=\"fade\"><ul class=\"slides\"><li><a class=\"prettyphoto\" href=\"https:\/\/www.aem.ro\/wp-content\/uploads\/2015\/10\/CSM-02021.png\" rel=\"prettyPhoto[rel-6644-1812369177]\"><img width=\"900\" height=\"900\" src=\"https:\/\/www.aem.ro\/wp-content\/uploads\/2015\/10\/CSM-02021.png\" class=\"attachment-large\" alt=\"\" loading=\"lazy\" srcset=\"https:\/\/www.aem.ro\/wp-content\/uploads\/2015\/10\/CSM-02021.png 900w, https:\/\/www.aem.ro\/wp-content\/uploads\/2015\/10\/CSM-02021-150x150.png 150w, https:\/\/www.aem.ro\/wp-content\/uploads\/2015\/10\/CSM-02021-300x300.png 300w, https:\/\/www.aem.ro\/wp-content\/uploads\/2015\/10\/CSM-02021-36x36.png 36w, https:\/\/www.aem.ro\/wp-content\/uploads\/2015\/10\/CSM-02021-300x300@2x.png 600w, https:\/\/www.aem.ro\/wp-content\/uploads\/2015\/10\/CSM-02021-36x36@2x.png 72w\" sizes=\"(max-width: 900px) 100vw, 900px\" \/><\/a><\/li><li><a class=\"prettyphoto\" href=\"https:\/\/www.aem.ro\/wp-content\/uploads\/2015\/10\/CSM-020221.png\" rel=\"prettyPhoto[rel-6644-1812369177]\"><img width=\"900\" height=\"900\" src=\"https:\/\/www.aem.ro\/wp-content\/uploads\/2015\/10\/CSM-020221.png\" class=\"attachment-large\" alt=\"\" loading=\"lazy\" srcset=\"https:\/\/www.aem.ro\/wp-content\/uploads\/2015\/10\/CSM-020221.png 900w, https:\/\/www.aem.ro\/wp-content\/uploads\/2015\/10\/CSM-020221-150x150.png 150w, https:\/\/www.aem.ro\/wp-content\/uploads\/2015\/10\/CSM-020221-300x300.png 300w, https:\/\/www.aem.ro\/wp-content\/uploads\/2015\/10\/CSM-020221-36x36.png 36w, https:\/\/www.aem.ro\/wp-content\/uploads\/2015\/10\/CSM-020221-300x300@2x.png 600w, https:\/\/www.aem.ro\/wp-content\/uploads\/2015\/10\/CSM-020221-36x36@2x.png 72w\" sizes=\"(max-width: 900px) 100vw, 900px\" \/><\/a><\/li><\/ul><\/div><\/div><\/div>\n\t\t<\/div> \n\t<\/div> \n\n\t<div class=\"vc_col-sm-3 wpb_column column_container with_padding\" style=\"padding:\" data-animation=\"\" data-delay=\"\">\n\t\t<div class=\"wpb_wrapper\">\n\t\t\t\n\t<div class=\"wpb_text_column wpb_content_element \">\n\t\t<div class=\"wpb_wrapper\">\n\t\t\t<p><strong>CSM 0202<\/strong><\/p>\n<p>Der CSM 0202-Z\u00e4hler geh\u00f6rt zur Kategorie der Messinstrumente und dient zur Aufnahme der elektrischen Wirkenergie fu\u0308r private und gewerbliche Verbraucher, die fu\u0308r die Stromberechnung in monophasischen Niederspannungs-netzen die Eintarifrechnungssyteme anwenden.<\/p>\n\n\t\t<\/div> \n\t<\/div> \n\t<div class=\"wpb_raw_code wpb_content_element wpb_raw_html\">\n\t\t<div class=\"wpb_wrapper\">\n\t\t\t<a href=\"\/wp-content\/uploads\/2018\/08\/Fisa-tehnica-CSM-0202-eng.pdf\" download=\"\" style=\"\n    border: 1px solid #F4A426;\n    padding: 10px;\n    border-radius: 5px;\n    color: #fff;\n    background-color: #F4A426;\n\">Download PDF<\/a>\n\t\t<\/div>\n\t<\/div>\n\n\t\t<\/div> \n\t<\/div> \n\n\t<div class=\"vc_col-sm-3 wpb_column column_container with_padding\" style=\"padding:\" data-animation=\"\" data-delay=\"\">\n\t\t<div class=\"wpb_wrapper\">\n\t\t\t<div class=\"wpb_gallery wpb_content_element vc_clearfix\"><div class=\"wpb_wrapper\"><div class=\"wpb_gallery_slides wpb_flexslider flexslider_fade flexslider\" data-interval=\"3\" data-flex_fx=\"fade\"><ul class=\"slides\"><li><a class=\"prettyphoto\" href=\"https:\/\/www.aem.ro\/wp-content\/uploads\/2015\/10\/CSM-0203.png\" rel=\"prettyPhoto[rel-6644-486503400]\"><img width=\"285\" height=\"285\" src=\"https:\/\/www.aem.ro\/wp-content\/uploads\/2015\/10\/CSM-0203.png\" class=\"attachment-large\" alt=\"\" loading=\"lazy\" srcset=\"https:\/\/www.aem.ro\/wp-content\/uploads\/2015\/10\/CSM-0203.png 285w, https:\/\/www.aem.ro\/wp-content\/uploads\/2015\/10\/CSM-0203-150x150.png 150w, https:\/\/www.aem.ro\/wp-content\/uploads\/2015\/10\/CSM-0203-36x36.png 36w, https:\/\/www.aem.ro\/wp-content\/uploads\/2015\/10\/CSM-0203-36x36@2x.png 72w\" sizes=\"(max-width: 285px) 100vw, 285px\" \/><\/a><\/li><\/ul><\/div><\/div><\/div>\n\t\t<\/div> \n\t<\/div> \n\n\t<div class=\"vc_col-sm-3 wpb_column column_container with_padding\" style=\"padding:\" data-animation=\"\" data-delay=\"\">\n\t\t<div class=\"wpb_wrapper\">\n\t\t\t\n\t<div class=\"wpb_text_column wpb_content_element \">\n\t\t<div class=\"wpb_wrapper\">\n\t\t\t<p><strong>CSM 0203<\/strong><\/p>\n\n\t\t<\/div> \n\t<\/div> \n\t<div class=\"wpb_raw_code wpb_content_element wpb_raw_html\">\n\t\t<div class=\"wpb_wrapper\">\n\t\t\t<a href=\"\/wp-content\/uploads\/2018\/09\/Fisa-tehnica-CSM-0203-eng.pdf\" download=\"\" style=\"\n    border: 1px solid #F4A426;\n    padding: 10px;\n    border-radius: 5px;\n    color: #fff;\n    background-color: #F4A426;\n\">Download PDF<\/a>\n\t\t<\/div>\n\t<\/div>\n\n\t\t<\/div> \n\t<\/div> \n<\/div><\/div><\/div><div id=\"fws_69e1c57edfe7c\" class=\"wpb_row animate_onoffset  vc_row-fluid  animate_onoffset row-dynamic-el standard_section    \" style=\"padding-top: 0px !important; padding-bottom: 0px !important; \"><div id=\"CSM0201\" style=\"position: absolute;\"><\/div><div class=\"container  dark\"><div class=\"section_clear\">\n\t<div class=\"vc_col-sm-3 wpb_column column_container with_padding\" style=\"padding:\" data-animation=\"\" data-delay=\"\">\n\t\t<div class=\"wpb_wrapper\">\n\t\t\t<div class=\"wpb_gallery wpb_content_element vc_clearfix\"><div class=\"wpb_wrapper\"><div class=\"wpb_gallery_slides wpb_flexslider flexslider_fade flexslider\" data-interval=\"3\" data-flex_fx=\"fade\"><ul class=\"slides\"><li><a class=\"prettyphoto\" href=\"https:\/\/www.aem.ro\/wp-content\/uploads\/2015\/10\/iCSM-0601.png\" rel=\"prettyPhoto[rel-6644-1511366293]\"><img width=\"285\" height=\"285\" src=\"https:\/\/www.aem.ro\/wp-content\/uploads\/2015\/10\/iCSM-0601.png\" class=\"attachment-large\" alt=\"\" loading=\"lazy\" srcset=\"https:\/\/www.aem.ro\/wp-content\/uploads\/2015\/10\/iCSM-0601.png 285w, https:\/\/www.aem.ro\/wp-content\/uploads\/2015\/10\/iCSM-0601-150x150.png 150w, https:\/\/www.aem.ro\/wp-content\/uploads\/2015\/10\/iCSM-0601-36x36.png 36w, https:\/\/www.aem.ro\/wp-content\/uploads\/2015\/10\/iCSM-0601-36x36@2x.png 72w\" sizes=\"(max-width: 285px) 100vw, 285px\" \/><\/a><\/li><\/ul><\/div><\/div><\/div>\n\t\t<\/div> \n\t<\/div> \n\n\t<div class=\"vc_col-sm-3 wpb_column column_container with_padding\" style=\"padding:\" data-animation=\"\" data-delay=\"\">\n\t\t<div class=\"wpb_wrapper\">\n\t\t\t\n\t<div class=\"wpb_text_column wpb_content_element \">\n\t\t<div class=\"wpb_wrapper\">\n\t\t\t<p><strong>iCSM 0601<\/strong><\/p>\n\n\t\t<\/div> \n\t<\/div> \n\t<div class=\"wpb_raw_code wpb_content_element wpb_raw_html\">\n\t\t<div class=\"wpb_wrapper\">\n\t\t\t<a href=\"\/wp-content\/uploads\/2018\/09\/Fisa-tehnica-iCSM-0601-eng.pdf\" download=\"\" style=\"\n    border: 1px solid #F4A426;\n    padding: 10px;\n    border-radius: 5px;\n    color: #fff;\n    background-color: #F4A426;\n\">Download PDF<\/a>\n\t\t<\/div>\n\t<\/div>\n\n\t\t<\/div> \n\t<\/div> \n\n\t<div class=\"vc_col-sm-3 wpb_column column_container with_padding\" style=\"padding:\" data-animation=\"\" data-delay=\"\">\n\t\t<div class=\"wpb_wrapper\">\n\t\t\t\n\t\t<\/div> \n\t<\/div> \n\n\t<div class=\"vc_col-sm-3 wpb_column column_container with_padding\" style=\"padding:\" data-animation=\"\" data-delay=\"\">\n\t\t<div class=\"wpb_wrapper\">\n\t\t\t\n\t\t<\/div> \n\t<\/div> \n<\/div><\/div><\/div><div id=\"fws_69e1c57ee1ae7\" class=\"wpb_row animate_onoffset  vc_row-fluid  animate_onoffset row-dynamic-el standard_section    \" style=\"padding-top: 0px !important; padding-bottom: 0px !important; \"><div class=\"container  dark\"><div class=\"section_clear\">\n\t<div class=\"vc_col-sm-12 wpb_column column_container with_padding\" style=\"padding:\" data-animation=\"\" data-delay=\"\">\n\t\t<div class=\"wpb_wrapper\">\n\t\t\t\n\t<div class=\"wpb_text_column wpb_content_element \">\n\t\t<div class=\"wpb_wrapper\">\n\t\t\t<h1>Three-phase electronic electricity meters:<\/h1>\n\n\t\t<\/div> \n\t<\/div> \n\t\t<\/div> \n\t<\/div> \n<\/div><\/div><\/div><div id=\"fws_69e1c57ee2416\" class=\"wpb_row animate_onoffset  vc_row-fluid  animate_onoffset row-dynamic-el standard_section    \" style=\"padding-top: 0px !important; padding-bottom: 0px !important; \"><div id=\"CST0410CDSNR\" style=\"position: absolute;\"><\/div><div class=\"container  dark\"><div class=\"section_clear\">\n\t<div class=\"vc_col-sm-3 wpb_column column_container with_padding\" style=\"padding:\" data-animation=\"\" data-delay=\"\">\n\t\t<div class=\"wpb_wrapper\">\n\t\t\t<div class=\"wpb_gallery wpb_content_element vc_clearfix\"><div class=\"wpb_wrapper\"><div class=\"wpb_gallery_slides wpb_flexslider flexslider_fade flexslider\" data-interval=\"3\" data-flex_fx=\"fade\"><ul class=\"slides\"><li><a class=\"prettyphoto\" href=\"https:\/\/www.aem.ro\/wp-content\/uploads\/2015\/10\/CST-0410.png\" rel=\"prettyPhoto[rel-6644-1372527881]\"><img width=\"285\" height=\"285\" src=\"https:\/\/www.aem.ro\/wp-content\/uploads\/2015\/10\/CST-0410.png\" class=\"attachment-large\" alt=\"\" loading=\"lazy\" srcset=\"https:\/\/www.aem.ro\/wp-content\/uploads\/2015\/10\/CST-0410.png 285w, https:\/\/www.aem.ro\/wp-content\/uploads\/2015\/10\/CST-0410-150x150.png 150w, https:\/\/www.aem.ro\/wp-content\/uploads\/2015\/10\/CST-0410-36x36.png 36w, https:\/\/www.aem.ro\/wp-content\/uploads\/2015\/10\/CST-0410-36x36@2x.png 72w\" sizes=\"(max-width: 285px) 100vw, 285px\" \/><\/a><\/li><\/ul><\/div><\/div><\/div>\n\t\t<\/div> \n\t<\/div> \n\n\t<div class=\"vc_col-sm-3 wpb_column column_container with_padding\" style=\"padding:\" data-animation=\"\" data-delay=\"\">\n\t\t<div class=\"wpb_wrapper\">\n\t\t\t\n\t<div class=\"wpb_text_column wpb_content_element \">\n\t\t<div class=\"wpb_wrapper\">\n\t\t\t<p><strong>CST\u00a00410<\/strong><\/p>\n\n\t\t<\/div> \n\t<\/div> \n\t<div class=\"wpb_raw_code wpb_content_element wpb_raw_html\">\n\t\t<div class=\"wpb_wrapper\">\n\t\t\t<a href=\"\/wp-content\/uploads\/2018\/10\/Fisa-tehnica-CST0410-eng.pdf\" download=\"\" style=\"\n    border: 1px solid #F4A426;\n    padding: 10px;\n    border-radius: 5px;\n    color: #fff;\n    background-color: #F4A426;\n\">Download PDF<\/a>\n\t\t<\/div>\n\t<\/div>\n\n\t\t<\/div> \n\t<\/div> \n\n\t<div class=\"vc_col-sm-3 wpb_column column_container with_padding\" style=\"padding:\" data-animation=\"\" data-delay=\"\">\n\t\t<div class=\"wpb_wrapper\">\n\t\t\t<div class=\"wpb_gallery wpb_content_element vc_clearfix\"><div class=\"wpb_wrapper\"><div class=\"wpb_gallery_slides wpb_flexslider flexslider_fade flexslider\" data-interval=\"3\" data-flex_fx=\"fade\"><ul class=\"slides\"><li><a class=\"prettyphoto\" href=\"https:\/\/www.aem.ro\/wp-content\/uploads\/2015\/10\/CST-0410E.png\" rel=\"prettyPhoto[rel-6644-297582308]\"><img width=\"285\" height=\"285\" src=\"https:\/\/www.aem.ro\/wp-content\/uploads\/2015\/10\/CST-0410E.png\" class=\"attachment-large\" alt=\"\" loading=\"lazy\" srcset=\"https:\/\/www.aem.ro\/wp-content\/uploads\/2015\/10\/CST-0410E.png 285w, https:\/\/www.aem.ro\/wp-content\/uploads\/2015\/10\/CST-0410E-150x150.png 150w, https:\/\/www.aem.ro\/wp-content\/uploads\/2015\/10\/CST-0410E-36x36.png 36w, https:\/\/www.aem.ro\/wp-content\/uploads\/2015\/10\/CST-0410E-36x36@2x.png 72w\" sizes=\"(max-width: 285px) 100vw, 285px\" \/><\/a><\/li><\/ul><\/div><\/div><\/div>\n\t\t<\/div> \n\t<\/div> \n\n\t<div class=\"vc_col-sm-3 wpb_column column_container with_padding\" style=\"padding:\" data-animation=\"\" data-delay=\"\">\n\t\t<div class=\"wpb_wrapper\">\n\t\t\t\n\t<div class=\"wpb_text_column wpb_content_element \">\n\t\t<div class=\"wpb_wrapper\">\n\t\t\t<p><strong>CST\u00a00410E<\/strong><\/p>\n\n\t\t<\/div> \n\t<\/div> \n\t<div class=\"wpb_raw_code wpb_content_element wpb_raw_html\">\n\t\t<div class=\"wpb_wrapper\">\n\t\t\t<a href=\"\/wp-content\/uploads\/2018\/09\/Fisa-tehnica-CST0410E-eng.pdf\" download=\"\" style=\"\n    border: 1px solid #F4A426;\n    padding: 10px;\n    border-radius: 5px;\n    color: #fff;\n    background-color: #F4A426;\n\">Download PDF<\/a>\n\t\t<\/div>\n\t<\/div>\n\n\t\t<\/div> \n\t<\/div> \n<\/div><\/div><\/div><div id=\"fws_69e1c57ee5139\" class=\"wpb_row animate_onoffset  vc_row-fluid  animate_onoffset row-dynamic-el standard_section    \" style=\"padding-top: 0px !important; padding-bottom: 0px !important; \"><div id=\"CST0410CDSNR\" style=\"position: absolute;\"><\/div><div class=\"container  dark\"><div class=\"section_clear\">\n\t<div class=\"vc_col-sm-3 wpb_column column_container with_padding\" style=\"padding:\" data-animation=\"\" data-delay=\"\">\n\t\t<div class=\"wpb_wrapper\">\n\t\t\t<div class=\"wpb_gallery wpb_content_element vc_clearfix\"><div class=\"wpb_wrapper\"><div class=\"wpb_gallery_slides wpb_flexslider flexslider_fade flexslider\" data-interval=\"3\" data-flex_fx=\"fade\"><ul class=\"slides\"><li><a class=\"prettyphoto\" href=\"https:\/\/www.aem.ro\/wp-content\/uploads\/2015\/10\/CST-04201.png\" rel=\"prettyPhoto[rel-6644-1727350037]\"><img width=\"300\" height=\"300\" src=\"https:\/\/www.aem.ro\/wp-content\/uploads\/2015\/10\/CST-04201-300x300.png\" class=\"attachment-medium\" alt=\"\" loading=\"lazy\" srcset=\"https:\/\/www.aem.ro\/wp-content\/uploads\/2015\/10\/CST-04201-150x150@2x.png 300w, https:\/\/www.aem.ro\/wp-content\/uploads\/2015\/10\/CST-04201-150x150.png 150w, https:\/\/www.aem.ro\/wp-content\/uploads\/2015\/10\/CST-04201-36x36.png 36w, https:\/\/www.aem.ro\/wp-content\/uploads\/2015\/10\/CST-04201.png 900w, https:\/\/www.aem.ro\/wp-content\/uploads\/2015\/10\/CST-04201-300x300@2x.png 600w, https:\/\/www.aem.ro\/wp-content\/uploads\/2015\/10\/CST-04201-36x36@2x.png 72w\" sizes=\"(max-width: 300px) 100vw, 300px\" \/><\/a><\/li><li><a class=\"prettyphoto\" href=\"https:\/\/www.aem.ro\/wp-content\/uploads\/2015\/10\/CST-042021.png\" rel=\"prettyPhoto[rel-6644-1727350037]\"><img width=\"300\" height=\"300\" src=\"https:\/\/www.aem.ro\/wp-content\/uploads\/2015\/10\/CST-042021-300x300.png\" class=\"attachment-medium\" alt=\"\" loading=\"lazy\" srcset=\"https:\/\/www.aem.ro\/wp-content\/uploads\/2015\/10\/CST-042021-150x150@2x.png 300w, https:\/\/www.aem.ro\/wp-content\/uploads\/2015\/10\/CST-042021-150x150.png 150w, https:\/\/www.aem.ro\/wp-content\/uploads\/2015\/10\/CST-042021-36x36.png 36w, https:\/\/www.aem.ro\/wp-content\/uploads\/2015\/10\/CST-042021.png 900w, https:\/\/www.aem.ro\/wp-content\/uploads\/2015\/10\/CST-042021-300x300@2x.png 600w, https:\/\/www.aem.ro\/wp-content\/uploads\/2015\/10\/CST-042021-36x36@2x.png 72w\" sizes=\"(max-width: 300px) 100vw, 300px\" \/><\/a><\/li><\/ul><\/div><\/div><\/div>\n\t\t<\/div> \n\t<\/div> \n\n\t<div class=\"vc_col-sm-3 wpb_column column_container with_padding\" style=\"padding:\" data-animation=\"\" data-delay=\"\">\n\t\t<div class=\"wpb_wrapper\">\n\t\t\t\n\t<div class=\"wpb_text_column wpb_content_element \">\n\t\t<div class=\"wpb_wrapper\">\n\t\t\t<p><strong>CST 0420<\/strong><\/p>\n<p>Der Z\u00e4hler dient zur Aufnahme der elektrischen Wirk- und Blindenergie fu\u0308r Haushalte und kleine industrielle Verbraucher in 3 und 4 Leiter-Netzten. Der Z\u00e4hler kann fu\u0308r 1,2 oder 3 Phasenmessung direkt angeschlossen werden.<\/p>\n\n\t\t<\/div> \n\t<\/div> \n\t<div class=\"wpb_raw_code wpb_content_element wpb_raw_html\">\n\t\t<div class=\"wpb_wrapper\">\n\t\t\t<a href=\"\/wp-content\/uploads\/2018\/08\/Fisa-tehnica-CSM-0420-eng.pdf\" download=\"\" style=\"\n    border: 1px solid #F4A426;\n    padding: 10px;\n    border-radius: 5px;\n    color: #fff;\n    background-color: #F4A426;\n\">Download PDF<\/a>\n\t\t<\/div>\n\t<\/div>\n\n\t\t<\/div> \n\t<\/div> \n\n\t<div class=\"vc_col-sm-3 wpb_column column_container with_padding\" style=\"padding:\" data-animation=\"\" data-delay=\"\">\n\t\t<div class=\"wpb_wrapper\">\n\t\t\t<div class=\"wpb_gallery wpb_content_element vc_clearfix\"><div class=\"wpb_wrapper\"><div class=\"wpb_gallery_slides wpb_flexslider flexslider_fade flexslider\" data-interval=\"3\" data-flex_fx=\"fade\"><ul class=\"slides\"><li><a class=\"prettyphoto\" href=\"https:\/\/www.aem.ro\/wp-content\/uploads\/2015\/10\/CST-0430.png\" rel=\"prettyPhoto[rel-6644-830517578]\"><img width=\"285\" height=\"285\" src=\"https:\/\/www.aem.ro\/wp-content\/uploads\/2015\/10\/CST-0430.png\" class=\"attachment-large\" alt=\"\" loading=\"lazy\" srcset=\"https:\/\/www.aem.ro\/wp-content\/uploads\/2015\/10\/CST-0430.png 285w, https:\/\/www.aem.ro\/wp-content\/uploads\/2015\/10\/CST-0430-150x150.png 150w, https:\/\/www.aem.ro\/wp-content\/uploads\/2015\/10\/CST-0430-36x36.png 36w, https:\/\/www.aem.ro\/wp-content\/uploads\/2015\/10\/CST-0430-36x36@2x.png 72w\" sizes=\"(max-width: 285px) 100vw, 285px\" \/><\/a><\/li><\/ul><\/div><\/div><\/div>\n\t\t<\/div> \n\t<\/div> \n\n\t<div class=\"vc_col-sm-3 wpb_column column_container with_padding\" style=\"padding:\" data-animation=\"\" data-delay=\"\">\n\t\t<div class=\"wpb_wrapper\">\n\t\t\t\n\t<div class=\"wpb_text_column wpb_content_element \">\n\t\t<div class=\"wpb_wrapper\">\n\t\t\t<p><strong>CST 0430<\/strong><\/p>\n\n\t\t<\/div> \n\t<\/div> \n\t<div class=\"wpb_raw_code wpb_content_element wpb_raw_html\">\n\t\t<div class=\"wpb_wrapper\">\n\t\t\t<a href=\"\/wp-content\/uploads\/2018\/09\/Fisa-tehnica-CST0430-eng.pdf\" download=\"\" style=\"\n    border: 1px solid #F4A426;\n    padding: 10px;\n    border-radius: 5px;\n    color: #fff;\n    background-color: #F4A426;\n\">Download PDF<\/a>\n\t\t<\/div>\n\t<\/div>\n\n\t\t<\/div> \n\t<\/div> \n<\/div><\/div><\/div>\n","protected":false},"excerpt":{"rendered":"Elektronische Einphasenstromz\u00e4hler: ENERLUX M ENERLUX M ist ein Z\u00e4hler der neuesten Generation und wurde mit den neuesten Technologien aus dem Bereich hergestellt. \u2022 Z\u00e4hler neuester Generation, mit 4 arifen, multifunktional \u2022 Maximale \u00dcberlast 1600%, Klasse 1 (EN 62053-21), \u2022 Kommunikationsm\u00f6glichkeiten (EN 62056-21) Download PDF CSM 0201 Der CSM 0201-Z\u00e4hler geh\u00f6rt, die fu\u0308r\u00a0die Stromberechnung in monophasischen\u00a0Niederspannungsnetzen","protected":false},"author":1,"featured_media":0,"parent":0,"menu_order":0,"comment_status":"closed","ping_status":"closed","template":"","meta":[],"_links":{"self":[{"href":"https:\/\/www.aem.ro\/de\/wp-json\/wp\/v2\/pages\/6644"}],"collection":[{"href":"https:\/\/www.aem.ro\/de\/wp-json\/wp\/v2\/pages"}],"about":[{"href":"https:\/\/www.aem.ro\/de\/wp-json\/wp\/v2\/types\/page"}],"author":[{"embeddable":true,"href":"https:\/\/www.aem.ro\/de\/wp-json\/wp\/v2\/users\/1"}],"replies":[{"embeddable":true,"href":"https:\/\/www.aem.ro\/de\/wp-json\/wp\/v2\/comments?post=6644"}],"version-history":[{"count":18,"href":"https:\/\/www.aem.ro\/de\/wp-json\/wp\/v2\/pages\/6644\/revisions"}],"predecessor-version":[{"id":7608,"href":"https:\/\/www.aem.ro\/de\/wp-json\/wp\/v2\/pages\/6644\/revisions\/7608"}],"wp:attachment":[{"href":"https:\/\/www.aem.ro\/de\/wp-json\/wp\/v2\/media?parent=6644"}],"curies":[{"name":"wp","href":"https:\/\/api.w.org\/{rel}","templated":true}]}}