{"id":6685,"date":"2016-02-03T10:06:26","date_gmt":"2016-02-03T10:06:26","guid":{"rendered":"http:\/\/aem.ro\/de\/?page_id=6685"},"modified":"2016-12-08T13:40:10","modified_gmt":"2016-12-08T13:40:10","slug":"weitere-produkte","status":"publish","type":"page","link":"https:\/\/www.aem.ro\/de\/weitere-produkte\/","title":{"rendered":"Weitere Produkte"},"content":{"rendered":"<div id=\"fws_69e4b53ce2074\" class=\"wpb_row animate_onoffset  vc_row-fluid  animate_onoffset row-dynamic-el standard_section    \" style=\"padding-top: 0px !important; padding-bottom: 0px !important; \"><div class=\"container  dark\"><div class=\"section_clear\">\n\t<div class=\"vc_col-sm-12 wpb_column column_container with_padding\" style=\"padding:\" data-animation=\"\" data-delay=\"\">\n\t\t<div class=\"wpb_wrapper\">\n\t\t\t\n\t<div class=\"wpb_text_column wpb_content_element \">\n\t\t<div class=\"wpb_wrapper\">\n\t\t\t<h2>Systeme und Ausr\u00fcstungen:<\/h2>\n\n\t\t<\/div> \n\t<\/div> \n\t\t<\/div> \n\t<\/div> \n<\/div><\/div><\/div><div id=\"fws_69e4b53ce2d03\" class=\"wpb_row animate_onoffset  vc_row-fluid  animate_onoffset row-dynamic-el standard_section    \" style=\"padding-top: 0px !important; padding-bottom: 0px !important; \"><div id=\"FDCP1\" style=\"position: absolute;\"><\/div><div class=\"container  dark\"><div class=\"section_clear\">\n\t<div class=\"vc_col-sm-3 wpb_column column_container with_padding\" style=\"padding:\" data-animation=\"\" data-delay=\"\">\n\t\t<div class=\"wpb_wrapper\">\n\t\t\t<div class=\"wpb_gallery wpb_content_element vc_clearfix\"><div class=\"wpb_wrapper\"><div class=\"wpb_gallery_slides wpb_flexslider flexslider_fade flexslider\" data-interval=\"3\" data-flex_fx=\"fade\"><ul class=\"slides\"><li><a class=\"prettyphoto\" href=\"https:\/\/www.aem.ro\/wp-content\/uploads\/2015\/10\/Distribution-and-meetering-enclosure-FDCP12.jpg\" rel=\"prettyPhoto[rel-6685-328235433]\"><img width=\"245\" height=\"245\" src=\"https:\/\/www.aem.ro\/wp-content\/uploads\/2015\/10\/Distribution-and-meetering-enclosure-FDCP12.jpg\" class=\"attachment-medium\" alt=\"\" loading=\"lazy\" srcset=\"https:\/\/www.aem.ro\/wp-content\/uploads\/2015\/10\/Distribution-and-meetering-enclosure-FDCP12.jpg 245w, https:\/\/www.aem.ro\/wp-content\/uploads\/2015\/10\/Distribution-and-meetering-enclosure-FDCP12-150x150.jpg 150w, https:\/\/www.aem.ro\/wp-content\/uploads\/2015\/10\/Distribution-and-meetering-enclosure-FDCP12-36x36.jpg 36w, https:\/\/www.aem.ro\/wp-content\/uploads\/2015\/10\/Distribution-and-meetering-enclosure-FDCP12-36x36@2x.jpg 72w\" sizes=\"(max-width: 245px) 100vw, 245px\" \/><\/a><\/li><li><a class=\"prettyphoto\" href=\"https:\/\/www.aem.ro\/wp-content\/uploads\/2015\/10\/Distribution-and-meetering-enclosure-FDCP1.jpg\" rel=\"prettyPhoto[rel-6685-328235433]\"><img width=\"245\" height=\"245\" src=\"https:\/\/www.aem.ro\/wp-content\/uploads\/2015\/10\/Distribution-and-meetering-enclosure-FDCP1.jpg\" class=\"attachment-medium\" alt=\"\" loading=\"lazy\" srcset=\"https:\/\/www.aem.ro\/wp-content\/uploads\/2015\/10\/Distribution-and-meetering-enclosure-FDCP1.jpg 245w, https:\/\/www.aem.ro\/wp-content\/uploads\/2015\/10\/Distribution-and-meetering-enclosure-FDCP1-150x150.jpg 150w, https:\/\/www.aem.ro\/wp-content\/uploads\/2015\/10\/Distribution-and-meetering-enclosure-FDCP1-36x36.jpg 36w, https:\/\/www.aem.ro\/wp-content\/uploads\/2015\/10\/Distribution-and-meetering-enclosure-FDCP1-36x36@2x.jpg 72w\" sizes=\"(max-width: 245px) 100vw, 245px\" \/><\/a><\/li><\/ul><\/div><\/div><\/div>\n\t\t<\/div> \n\t<\/div> \n\n\t<div class=\"vc_col-sm-3 wpb_column column_container with_padding\" style=\"padding:\" data-animation=\"\" data-delay=\"\">\n\t\t<div class=\"wpb_wrapper\">\n\t\t\t\n\t<div class=\"wpb_text_column wpb_content_element \">\n\t\t<div class=\"wpb_wrapper\">\n\t\t\t<p><strong>VERTEILER- UND SCHALTSCHR\u00c4NKE FDCP1<\/strong><\/p>\n<p>Die Schr\u00e4nke mit 1-4 Messpunkten :<br \/>\n\u2022 machen die Verbindung zwischen dem kollektiven und dem<br \/>\nindividuellen Versorgungsnetz;<br \/>\n\u2022 schu\u0308tzen die individuellen Netzen vor \u00dcberlast, Kurzschlu\u00df<br \/>\nund \u00dcberspannung;<br \/>\n\u2022 messen den Stromverbrauch<\/p>\n\n\t\t<\/div> \n\t<\/div> \n\t<div class=\"wpb_raw_code wpb_content_element wpb_raw_html\">\n\t\t<div class=\"wpb_wrapper\">\n\t\t\t<a href=\"\/wp-content\/PDF_geA\/AEM_Dist FDCP 4 with Enerlux M_germana.pdf\" download=\"\" style=\"\n    border: 1px solid #F4A426;\n    padding: 10px;\n    border-radius: 5px;\n    color: #fff;\n    background-color: #F4A426;\n\">Download PDF<\/a>\n\t\t<\/div>\n\t<\/div>\n\n\t\t<\/div> \n\t<\/div> \n\n\t<div class=\"vc_col-sm-3 wpb_column column_container with_padding\" style=\"padding:\" data-animation=\"\" data-delay=\"\">\n\t\t<div class=\"wpb_wrapper\">\n\t\t\t<div class=\"wpb_gallery wpb_content_element vc_clearfix\"><div class=\"wpb_wrapper\"><div class=\"wpb_gallery_slides wpb_flexslider flexslider_fade flexslider\" data-interval=\"3\" data-flex_fx=\"fade\"><ul class=\"slides\"><li><a class=\"prettyphoto\" href=\"https:\/\/www.aem.ro\/wp-content\/uploads\/2015\/10\/MEASURING-AND-ADJUSTMENT-STATION-WITH-G4TYPE-METER1.jpg\" rel=\"prettyPhoto[rel-6685-581352384]\"><img width=\"245\" height=\"245\" src=\"https:\/\/www.aem.ro\/wp-content\/uploads\/2015\/10\/MEASURING-AND-ADJUSTMENT-STATION-WITH-G4TYPE-METER1.jpg\" class=\"attachment-medium\" alt=\"\" loading=\"lazy\" srcset=\"https:\/\/www.aem.ro\/wp-content\/uploads\/2015\/10\/MEASURING-AND-ADJUSTMENT-STATION-WITH-G4TYPE-METER1.jpg 245w, https:\/\/www.aem.ro\/wp-content\/uploads\/2015\/10\/MEASURING-AND-ADJUSTMENT-STATION-WITH-G4TYPE-METER1-150x150.jpg 150w, https:\/\/www.aem.ro\/wp-content\/uploads\/2015\/10\/MEASURING-AND-ADJUSTMENT-STATION-WITH-G4TYPE-METER1-36x36.jpg 36w, https:\/\/www.aem.ro\/wp-content\/uploads\/2015\/10\/MEASURING-AND-ADJUSTMENT-STATION-WITH-G4TYPE-METER1-36x36@2x.jpg 72w\" sizes=\"(max-width: 245px) 100vw, 245px\" \/><\/a><\/li><li><a class=\"prettyphoto\" href=\"https:\/\/www.aem.ro\/wp-content\/uploads\/2015\/10\/MEASURING-AND-ADJUSTMENT-STATION-WITH-G4TYPE-METER2.jpg\" rel=\"prettyPhoto[rel-6685-581352384]\"><img width=\"245\" height=\"245\" src=\"https:\/\/www.aem.ro\/wp-content\/uploads\/2015\/10\/MEASURING-AND-ADJUSTMENT-STATION-WITH-G4TYPE-METER2.jpg\" class=\"attachment-medium\" alt=\"\" loading=\"lazy\" srcset=\"https:\/\/www.aem.ro\/wp-content\/uploads\/2015\/10\/MEASURING-AND-ADJUSTMENT-STATION-WITH-G4TYPE-METER2.jpg 245w, https:\/\/www.aem.ro\/wp-content\/uploads\/2015\/10\/MEASURING-AND-ADJUSTMENT-STATION-WITH-G4TYPE-METER2-150x150.jpg 150w, https:\/\/www.aem.ro\/wp-content\/uploads\/2015\/10\/MEASURING-AND-ADJUSTMENT-STATION-WITH-G4TYPE-METER2-36x36.jpg 36w, https:\/\/www.aem.ro\/wp-content\/uploads\/2015\/10\/MEASURING-AND-ADJUSTMENT-STATION-WITH-G4TYPE-METER2-36x36@2x.jpg 72w\" sizes=\"(max-width: 245px) 100vw, 245px\" \/><\/a><\/li><li><a class=\"prettyphoto\" href=\"https:\/\/www.aem.ro\/wp-content\/uploads\/2015\/10\/MEASURING-AND-ADJUSTMENT-STATION-WITH-G4TYPE-METER3.jpg\" rel=\"prettyPhoto[rel-6685-581352384]\"><img width=\"245\" height=\"245\" src=\"https:\/\/www.aem.ro\/wp-content\/uploads\/2015\/10\/MEASURING-AND-ADJUSTMENT-STATION-WITH-G4TYPE-METER3.jpg\" class=\"attachment-medium\" alt=\"\" loading=\"lazy\" srcset=\"https:\/\/www.aem.ro\/wp-content\/uploads\/2015\/10\/MEASURING-AND-ADJUSTMENT-STATION-WITH-G4TYPE-METER3.jpg 245w, https:\/\/www.aem.ro\/wp-content\/uploads\/2015\/10\/MEASURING-AND-ADJUSTMENT-STATION-WITH-G4TYPE-METER3-150x150.jpg 150w, https:\/\/www.aem.ro\/wp-content\/uploads\/2015\/10\/MEASURING-AND-ADJUSTMENT-STATION-WITH-G4TYPE-METER3-36x36.jpg 36w, https:\/\/www.aem.ro\/wp-content\/uploads\/2015\/10\/MEASURING-AND-ADJUSTMENT-STATION-WITH-G4TYPE-METER3-36x36@2x.jpg 72w\" sizes=\"(max-width: 245px) 100vw, 245px\" \/><\/a><\/li><li><a class=\"prettyphoto\" href=\"https:\/\/www.aem.ro\/wp-content\/uploads\/2015\/10\/MEASURING-AND-ADJUSTMENT-STATION-WITH-G4TYPE-METER4.jpg\" rel=\"prettyPhoto[rel-6685-581352384]\"><img width=\"245\" height=\"245\" src=\"https:\/\/www.aem.ro\/wp-content\/uploads\/2015\/10\/MEASURING-AND-ADJUSTMENT-STATION-WITH-G4TYPE-METER4.jpg\" class=\"attachment-medium\" alt=\"\" loading=\"lazy\" srcset=\"https:\/\/www.aem.ro\/wp-content\/uploads\/2015\/10\/MEASURING-AND-ADJUSTMENT-STATION-WITH-G4TYPE-METER4.jpg 245w, https:\/\/www.aem.ro\/wp-content\/uploads\/2015\/10\/MEASURING-AND-ADJUSTMENT-STATION-WITH-G4TYPE-METER4-150x150.jpg 150w, https:\/\/www.aem.ro\/wp-content\/uploads\/2015\/10\/MEASURING-AND-ADJUSTMENT-STATION-WITH-G4TYPE-METER4-36x36.jpg 36w, https:\/\/www.aem.ro\/wp-content\/uploads\/2015\/10\/MEASURING-AND-ADJUSTMENT-STATION-WITH-G4TYPE-METER4-36x36@2x.jpg 72w\" sizes=\"(max-width: 245px) 100vw, 245px\" \/><\/a><\/li><\/ul><\/div><\/div><\/div>\n\t\t<\/div> \n\t<\/div> \n\n\t<div class=\"vc_col-sm-3 wpb_column column_container with_padding\" style=\"padding:\" data-animation=\"\" data-delay=\"\">\n\t\t<div class=\"wpb_wrapper\">\n\t\t\t\n\t<div class=\"wpb_text_column wpb_content_element \">\n\t\t<div class=\"wpb_wrapper\">\n\t\t\t<p><strong>MESS-\/REGELSTELLE<\/strong><\/p>\n<p>Die Mess-\/Regelstelle dient zur Druckverminderung und zum Regelung des Drucks in einem Betriebsbereich<br \/>\nder Ger\u00e4te und in einem Messbereich des Erdgasverbrauchs. Je nach den Befestigungsbedu\u0308rfnissen, k\u00f6nnen die<br \/>\nGer\u00e4te zur Druckminderung und Messung des Erdgasverbrauches in separaten Kabinen gelegt werden.<\/p>\n\n\t\t<\/div> \n\t<\/div> \n\t<div class=\"wpb_raw_code wpb_content_element wpb_raw_html\">\n\t\t<div class=\"wpb_wrapper\">\n\t\t\t<a href=\"\/wp-content\/PDF_geA\/AEM_Measuring and adj station_germana.pdf\" download=\"\" style=\"\n    border: 1px solid #F4A426;\n    padding: 10px;\n    border-radius: 5px;\n    color: #fff;\n    background-color: #F4A426;\n\">Download PDF<\/a>\n\t\t<\/div>\n\t<\/div>\n\n\t\t<\/div> \n\t<\/div> \n<\/div><\/div><\/div><div id=\"fws_69e4b53ce6911\" class=\"wpb_row animate_onoffset  vc_row-fluid  animate_onoffset row-dynamic-el standard_section    \" style=\"padding-top: 0px !important; padding-bottom: 0px !important; \"><div id=\"FDCP4\" style=\"position: absolute;\"><\/div><div class=\"container  dark\"><div class=\"section_clear\">\n\t<div class=\"vc_col-sm-3 wpb_column column_container with_padding\" style=\"padding:\" data-animation=\"\" data-delay=\"\">\n\t\t<div class=\"wpb_wrapper\">\n\t\t\t<div class=\"wpb_gallery wpb_content_element vc_clearfix\"><div class=\"wpb_wrapper\"><div class=\"wpb_gallery_slides wpb_flexslider flexslider_fade flexslider\" data-interval=\"3\" data-flex_fx=\"fade\"><ul class=\"slides\"><li><a class=\"prettyphoto\" href=\"https:\/\/www.aem.ro\/wp-content\/uploads\/2015\/10\/DISTRIBUTION-AND-METERING-ENCLOSURE-FDCP-4-WITH-ENERLUX-M.jpg\" rel=\"prettyPhoto[rel-6685-1043287974]\"><img width=\"245\" height=\"245\" src=\"https:\/\/www.aem.ro\/wp-content\/uploads\/2015\/10\/DISTRIBUTION-AND-METERING-ENCLOSURE-FDCP-4-WITH-ENERLUX-M.jpg\" class=\"attachment-large\" alt=\"\" loading=\"lazy\" srcset=\"https:\/\/www.aem.ro\/wp-content\/uploads\/2015\/10\/DISTRIBUTION-AND-METERING-ENCLOSURE-FDCP-4-WITH-ENERLUX-M.jpg 245w, https:\/\/www.aem.ro\/wp-content\/uploads\/2015\/10\/DISTRIBUTION-AND-METERING-ENCLOSURE-FDCP-4-WITH-ENERLUX-M-150x150.jpg 150w, https:\/\/www.aem.ro\/wp-content\/uploads\/2015\/10\/DISTRIBUTION-AND-METERING-ENCLOSURE-FDCP-4-WITH-ENERLUX-M-36x36.jpg 36w, https:\/\/www.aem.ro\/wp-content\/uploads\/2015\/10\/DISTRIBUTION-AND-METERING-ENCLOSURE-FDCP-4-WITH-ENERLUX-M-36x36@2x.jpg 72w\" sizes=\"(max-width: 245px) 100vw, 245px\" \/><\/a><\/li><li><a class=\"prettyphoto\" href=\"https:\/\/www.aem.ro\/wp-content\/uploads\/2015\/10\/DISTRIBUTION-AND-METERING-ENCLOSURE-FDCP-4-WITH-ENERLUX-M2.jpg\" rel=\"prettyPhoto[rel-6685-1043287974]\"><img width=\"245\" height=\"245\" src=\"https:\/\/www.aem.ro\/wp-content\/uploads\/2015\/10\/DISTRIBUTION-AND-METERING-ENCLOSURE-FDCP-4-WITH-ENERLUX-M2.jpg\" class=\"attachment-large\" alt=\"\" loading=\"lazy\" srcset=\"https:\/\/www.aem.ro\/wp-content\/uploads\/2015\/10\/DISTRIBUTION-AND-METERING-ENCLOSURE-FDCP-4-WITH-ENERLUX-M2.jpg 245w, https:\/\/www.aem.ro\/wp-content\/uploads\/2015\/10\/DISTRIBUTION-AND-METERING-ENCLOSURE-FDCP-4-WITH-ENERLUX-M2-150x150.jpg 150w, https:\/\/www.aem.ro\/wp-content\/uploads\/2015\/10\/DISTRIBUTION-AND-METERING-ENCLOSURE-FDCP-4-WITH-ENERLUX-M2-36x36.jpg 36w, https:\/\/www.aem.ro\/wp-content\/uploads\/2015\/10\/DISTRIBUTION-AND-METERING-ENCLOSURE-FDCP-4-WITH-ENERLUX-M2-36x36@2x.jpg 72w\" sizes=\"(max-width: 245px) 100vw, 245px\" \/><\/a><\/li><\/ul><\/div><\/div><\/div>\n\t\t<\/div> \n\t<\/div> \n\n\t<div class=\"vc_col-sm-3 wpb_column column_container with_padding\" style=\"padding:\" data-animation=\"\" data-delay=\"\">\n\t\t<div class=\"wpb_wrapper\">\n\t\t\t\n\t<div class=\"wpb_text_column wpb_content_element \">\n\t\t<div class=\"wpb_wrapper\">\n\t\t\t<p><strong>VERTEILER- UND SCHALTSCHR\u00c4NKEFDCP4 mit\u00a0ENERLUX M<\/strong><\/p>\n<p>Die Schr\u00e4nke mit 1-4 Messpunkten :<br \/>\n\u2022 machen die Verbindung zwischen dem kollektiven und dem<br \/>\nindividuellen Versorgungsnetz;<br \/>\n\u2022 schu\u0308tzen die individuellen Netzen vor \u00dcberlast, Kurzschlu\u00df<br \/>\nund \u00dcberspannung;<br \/>\n\u2022 messen den Stromverbrauch<\/p>\n\n\t\t<\/div> \n\t<\/div> \n\t<div class=\"wpb_raw_code wpb_content_element wpb_raw_html\">\n\t\t<div class=\"wpb_wrapper\">\n\t\t\t<a href=\"\/wp-content\/PDF_geA\/AEM_Dist FDCP 4 with Enerlux M_germana.pdf\" download=\"\" style=\"\n    border: 1px solid #F4A426;\n    padding: 10px;\n    border-radius: 5px;\n    color: #fff;\n    background-color: #F4A426;\n\">Download PDF<\/a>\n\t\t<\/div>\n\t<\/div>\n\n\t\t<\/div> \n\t<\/div> \n\n\t<div class=\"vc_col-sm-3 wpb_column column_container with_padding\" style=\"padding:\" data-animation=\"\" data-delay=\"\">\n\t\t<div class=\"wpb_wrapper\">\n\t\t\t\n\t\t<\/div> \n\t<\/div> \n\n\t<div class=\"vc_col-sm-3 wpb_column column_container with_padding\" style=\"padding:\" data-animation=\"\" data-delay=\"\">\n\t\t<div class=\"wpb_wrapper\">\n\t\t\t\n\t\t<\/div> \n\t<\/div> \n<\/div><\/div><\/div>\n","protected":false},"excerpt":{"rendered":"Systeme und Ausr\u00fcstungen: VERTEILER- UND SCHALTSCHR\u00c4NKE FDCP1 Die Schr\u00e4nke mit 1-4 Messpunkten : \u2022 machen die Verbindung zwischen dem kollektiven und dem individuellen Versorgungsnetz; \u2022 schu\u0308tzen die individuellen Netzen vor \u00dcberlast, Kurzschlu\u00df und \u00dcberspannung; \u2022 messen den Stromverbrauch Download PDF MESS-\/REGELSTELLE Die Mess-\/Regelstelle dient zur Druckverminderung und zum Regelung des Drucks in einem Betriebsbereich der","protected":false},"author":1,"featured_media":0,"parent":0,"menu_order":0,"comment_status":"closed","ping_status":"closed","template":"","meta":[],"_links":{"self":[{"href":"https:\/\/www.aem.ro\/de\/wp-json\/wp\/v2\/pages\/6685"}],"collection":[{"href":"https:\/\/www.aem.ro\/de\/wp-json\/wp\/v2\/pages"}],"about":[{"href":"https:\/\/www.aem.ro\/de\/wp-json\/wp\/v2\/types\/page"}],"author":[{"embeddable":true,"href":"https:\/\/www.aem.ro\/de\/wp-json\/wp\/v2\/users\/1"}],"replies":[{"embeddable":true,"href":"https:\/\/www.aem.ro\/de\/wp-json\/wp\/v2\/comments?post=6685"}],"version-history":[{"count":8,"href":"https:\/\/www.aem.ro\/de\/wp-json\/wp\/v2\/pages\/6685\/revisions"}],"predecessor-version":[{"id":7434,"href":"https:\/\/www.aem.ro\/de\/wp-json\/wp\/v2\/pages\/6685\/revisions\/7434"}],"wp:attachment":[{"href":"https:\/\/www.aem.ro\/de\/wp-json\/wp\/v2\/media?parent=6685"}],"curies":[{"name":"wp","href":"https:\/\/api.w.org\/{rel}","templated":true}]}}