{"id":5908,"date":"2016-02-01T14:37:41","date_gmt":"2016-02-01T14:37:41","guid":{"rendered":"http:\/\/aem.ro\/fr\/?page_id=5908"},"modified":"2016-02-24T08:35:13","modified_gmt":"2016-02-24T08:35:13","slug":"qualite","status":"publish","type":"page","link":"https:\/\/www.aem.ro\/fr\/qualite\/","title":{"rendered":"Qualit\u00e9"},"content":{"rendered":"<div id=\"fws_69ed6ee07caed\" class=\"wpb_row animate_onoffset  vc_row-fluid  animate_onoffset row-dynamic-el standard_section    \" style=\"padding-top: 0px !important; padding-bottom: 0px !important; \"><div id=\"standarde\" style=\"position: absolute;\"><\/div><div class=\"container  dark\"><div class=\"section_clear\">\n\t<div class=\"vc_col-sm-12 wpb_column column_container with_padding\" style=\"padding:\" data-animation=\"\" data-delay=\"\">\n\t\t<div class=\"wpb_wrapper\">\n\t\t\t<div class=\"header \" style=\"\"><h2><\/p>\n<p>Normes internationales<\/p>\n<p><\/h2><\/div>\n\t<div class=\"wpb_text_column wpb_content_element \">\n\t\t<div class=\"wpb_wrapper\">\n\t\t\t<p style=\"text-align: left;\"><a href=\"http:\/\/aem.ro\/wp-content\/uploads\/2015\/10\/standarde-internationale.png\"><img loading=\"lazy\" class=\"size-full wp-image-5092 alignleft\" src=\"http:\/\/aem.ro\/wp-content\/uploads\/2015\/10\/standarde-internationale.png\" alt=\"standarde-internationale\" width=\"300\" height=\"200\" \/><\/a><\/p>\n<p>La qualit\u00e9 est un aspect essentiel des produits et des services, c&#8217;est pour cela qu&#8217;elle rev\u00eat une importance particuli\u00e8re au sein de SC AEM SA. Notre objectif est de d\u00e9terminer les besoins de nos clients et de les satisfaire.<\/p>\n<p>La mission de la soci\u00e9t\u00e9 SC AEM SA est de maintenir sa position en Roumanie comme fabricant de compteurs d&#8217;\u00e9lectricit\u00e9 de premier plan, de promouvoir les compteurs d&#8217;\u00e9lectricit\u00e9 et de gaz sur les march\u00e9s \u00e9nerg\u00e9tiques en Europe, en Asie, en Am\u00e9rique latine et d&#8217;\u00eatre toujours, pour nos clients, le partenaire favori, comp\u00e9tent et honn\u00eate.<\/p>\n<p>Pour atteindre ces objectifs tous les produits sont fabriqu\u00e9s conform\u00e9ment aux normes nationales et internationales.<\/p>\n<p>AEM SA a des objectifs concrets au niveau de l&#8217;organisation et des entit\u00e9s organisationnelles, l&#8217;objectif maximal \u00e9tant de r\u00e9pondre aux demandes, besoins et attentes et, pour ce faire, l&#8217;engagement des employ\u00e9s est garanti par la connaissance des obligations, l&#8217;am\u00e9lioration des comp\u00e9tences, le savoir et l&#8217;exp\u00e9rience. L&#8217;am\u00e9lioration continue est un aspect important pour la direction de l&#8217;entreprise et chaque employ\u00e9.<\/p>\n<p>La v\u00e9rification et l&#8217;\u00e9talonnage de m\u00e9trologie, les essais de nos produits et d&#8217;autres moyens de mesure sont effectu\u00e9s dans les laboratoires. Le laboratoire de m\u00e9trologie est accr\u00e9dit\u00e9 selon la norme EN ISO\/CEI 17025 et autoris\u00e9 par le Bureau roumain de la m\u00e9trologie l\u00e9gale.<\/p>\n<p>Gr\u00e2ce \u00e0 la politique environnementale de la sant\u00e9 et de la s\u00e9curit\u00e9 au travail, SC AEM SA s&#8217;engage \u00e0 r\u00e9aliser des produits et des services conformes au profil de fabrication suivant les sp\u00e9cifications, sans porter pr\u00e9judice \u00e0 l&#8217;environnement, la sant\u00e9 et la s\u00e9curit\u00e9 occupationnelle de son propre personnel et du personnel associ\u00e9 \u00e0 ses activit\u00e9s, dont la r\u00e9alisation est assur\u00e9e par la mise en \u0153uvre des normes ISO 14001 et OHSAS 18001. Pour assurer la protection de l&#8217;environnement, AEM SA a continuellement investi dans des installations propres, y compris les \u00e9quipements de traitement des eaux us\u00e9es ou le lavage de gaz galvaniques.<\/p>\n<p>Les sp\u00e9cialistes de notre soci\u00e9t\u00e9 investissent toute leur passion et leur attention pour chaque \u00e9tape technologique, de la premi\u00e8re \u00e9tape du processus de production aux services et solutions qu&#8217;ils offrent aux clients. De cette fa\u00e7on, ils garantissent la qualit\u00e9 mondialement reconnue des appareils de comptage de l&#8217;\u00e9lectricit\u00e9 et du gaz.<\/p>\n\n\t\t<\/div> \n\t<\/div> \n\t<div class=\"wpb_raw_code wpb_content_element wpb_raw_html\">\n\t\t<div class=\"wpb_wrapper\">\n\t\t\t<a href=\"\/wp-content\/PDF\/AEM_qual_fr.pdf\" target=\"_blank\">\n<div class=\"custom-btn\" style=\"width: 250px;\">\n\tT\u00e9l\u00e9charger politique de qualit\u00e9\n<\/div>\n<\/a>\n\t\t<\/div>\n\t<\/div>\n\n\t\t<\/div> \n\t<\/div> \n<\/div><\/div><\/div><div id=\"fws_69ed6ee07e0d3\" class=\"wpb_row animate_onoffset  vc_row-fluid  animate_onoffset row-dynamic-el standard_section    \" style=\"padding-top: 0px !important; padding-bottom: 0px !important; \"><div id=\"testare\" style=\"position: absolute;\"><\/div><div class=\"container  dark\"><div class=\"section_clear\">\n\t<div class=\"vc_col-sm-12 wpb_column column_container with_padding\" style=\"padding:\" data-animation=\"\" data-delay=\"\">\n\t\t<div class=\"wpb_wrapper\">\n\t\t\t<div class=\"header \" style=\"\"><h2><\/p>\n<p>Gestion de la qualit\u00e9 des produits et proc\u00e9d\u00e9s<\/p>\n<p><\/h2><\/div><div class=\"header \" style=\"\"><h2><\/p>\n<p>Gestion de la qualit\u00e9 des produits et proc\u00e9d\u00e9s<\/p>\n<p><\/h2><\/div>\n\t<div class=\"wpb_text_column wpb_content_element \">\n\t\t<div class=\"wpb_wrapper\">\n\t\t\t<p><a href=\"http:\/\/aem.ro\/wp-content\/uploads\/2015\/10\/AEM_3500.jpg\"><img loading=\"lazy\" class=\"alignnone size-medium wp-image-4629\" src=\"http:\/\/aem.ro\/wp-content\/uploads\/2015\/10\/AEM_3500.jpg\" alt=\"AEM_3500\" width=\"1\" height=\"1\" \/><\/a><a href=\"http:\/\/aem.ro\/wp-content\/uploads\/2015\/10\/AEM_35001.jpg\"><img loading=\"lazy\" class=\"size-medium wp-image-4631 alignleft\" src=\"http:\/\/aem.ro\/wp-content\/uploads\/2015\/10\/AEM_35001-300x200.jpg\" alt=\"AEM_3500\" width=\"300\" height=\"200\" srcset=\"https:\/\/www.aem.ro\/wp-content\/uploads\/2015\/10\/AEM_35001-300x200.jpg 300w, https:\/\/www.aem.ro\/wp-content\/uploads\/2015\/10\/AEM_35001-1024x683.jpg 1024w, https:\/\/www.aem.ro\/wp-content\/uploads\/2015\/10\/AEM_35001-930x620.jpg 930w, https:\/\/www.aem.ro\/wp-content\/uploads\/2015\/10\/AEM_35001.jpg 1920w, https:\/\/www.aem.ro\/wp-content\/uploads\/2015\/10\/AEM_35001-300x200@2x.jpg 600w, https:\/\/www.aem.ro\/wp-content\/uploads\/2015\/10\/AEM_35001-930x620@2x.jpg 1860w\" sizes=\"(max-width: 300px) 100vw, 300px\" \/><\/a>La soci\u00e9t\u00e9 a investi dans la mise en \u0153uvre d\u2019installations automatis\u00e9es afin de s\u2019assurer que ses produits r\u00e9pondent aux normes de qualit\u00e9 les plus \u00e9lev\u00e9s. Les processus d&#8217;acquisition de donn\u00e9es sont int\u00e9gralement r\u00e9alis\u00e9s \u00e0 l\u2019aide de processus informatiques, garantissant les processus de production dans les moindres d\u00e9tails, en minimisant le risque d&#8217;erreur humaine.<\/p>\n<p>Connaissant les exigences du march\u00e9 de l&#8217;\u00e9lectricit\u00e9, la soci\u00e9t\u00e9 a d\u00e9velopp\u00e9 une gamme de solutions intelligentes, sous la forme de syst\u00e8mes SMART AMR, fournissant flexibilit\u00e9 et efficacit\u00e9 tant pour l&#8217;acquisition de donn\u00e9es que pour la gestion et la transmission d&#8217;informations aux clients, fournisseurs, entreprises de services publics ou prestataires de services, facilitant ainsi leur int\u00e9gration \u00e0 d&#8217;autres syst\u00e8mes de gestion de donn\u00e9es.<\/p>\n<p>Pour assurer les plus hauts niveaux de qualit\u00e9, les ateliers de montage des compteurs sont dot\u00e9s des derniers \u00e9quipements automatis\u00e9s. La v\u00e9rification m\u00e9trologique est r\u00e9alis\u00e9e \u00e0 l\u2019aide de syst\u00e8mes d&#8217;automatisation de haute performance et de processus assist\u00e9s par ordinateur.<\/p>\n<p>AEM SA s\u2019appuie sur des personnes sp\u00e9cialis\u00e9es dans la recherche et le comptage de l&#8217;\u00e9nergie en utilisant des syst\u00e8mes et des applications informatiques de pointe, d\u00e9di\u00e9s \u00e0 la conception assist\u00e9e par ordinateur afin que tous nos produits soient fabriqu\u00e9s dans des conditions de qualit\u00e9 \u00e9lev\u00e9e.<\/p>\n\n\t\t<\/div> \n\t<\/div> \n\t\t<\/div> \n\t<\/div> \n<\/div><\/div><\/div><div id=\"fws_69ed6ee07e9eb\" class=\"wpb_row animate_onoffset  vc_row-fluid  animate_onoffset row-dynamic-el standard_section    \" style=\"padding-top: 0px !important; padding-bottom: 0px !important; \"><div id=\"certificate\" style=\"position: absolute;\"><\/div><div class=\"container  dark\"><div class=\"section_clear\">\n\t<div class=\"vc_col-sm-12 wpb_column column_container with_padding\" style=\"padding:\" data-animation=\"\" data-delay=\"\">\n\t\t<div class=\"wpb_wrapper\">\n\t\t\t<div class=\"header \" style=\"\"><h2>Certificats<\/h2><\/div>\n\t\t<\/div> \n\t<\/div> \n<\/div><\/div><\/div><div id=\"fws_69ed6ee07f027\" class=\"wpb_row animate_onoffset  vc_row-fluid  animate_onoffset row-dynamic-el standard_section    \" style=\"padding-top: 0px !important; padding-bottom: 0px !important; \"><div class=\"container  dark\"><div class=\"section_clear\">\n\t<div class=\"vc_col-sm-12 wpb_column column_container with_padding\" style=\"padding:\" data-animation=\"\" data-delay=\"\">\n\t\t<div class=\"wpb_wrapper\">\n\t\t\t\n\t<div class=\"wpb_raw_code wpb_content_element wpb_raw_html\">\n\t\t<div class=\"wpb_wrapper\">\n\t\t\t<script src=\"\/wp-content\/lateral-slider\/jquery-pause.js\"><\/script>\n<script>\nvar dir = \"\/wp-content\/lateral-slider\/certificate\/\"; \/\/ directory containing images\nvar fileExtension = \".jpg\"; \/\/ for multiple extensions use var fileExtension = [\".png\", \".jpg\"];\nvar imgWrapperWidth = 220; \/\/ width of one image wrapper in px, also change in css .image-wrapper { width: x }\nvar $slidingWrapper;\nvar $imgWrappers;\nvar left = true; \/\/ slide left first\nvar time = 100000; \/\/ ms, adjust speed here\n\/\/ urls for each image \n\njQuery(document).ready(function($) {\n\t$slidingWrapper = $(\"#sliding-wrapper\");\n\t$.ajax({\n\t\t\/\/This will retrieve the contents of the folder if the folder is configured as 'browsable'\n\t\turl: dir,\n\t\tsuccess: function (data) {\n\t\t\t\/\/List all .png file names in the page\n\t\t\tvar i = 0;\n\t\t\t\/\/ for each image found in dir\n\t\t\t$(data).find(\"a:contains(\" + fileExtension + \")\").each(function () {\n\t\t\t\t\/\/ get image filename\n\t\t\t\tvar filename = this.href.substring(this.href.lastIndexOf(\"\/\") + 1, this.href.lenght);\n\t\t\t\t\/\/ place each image at imgWrapperWidth left of the previous\n\t\t\t\t$slidingWrapper.append(\"<div style='left:\" + i * imgWrapperWidth + \"px' class='image-wrapper'><a href='\" + getURL(filename) + \"'><img class='slider-image' src='\" + dir + filename + \"'\/><\/a><\/div>\");\n\t\t\t\ti++;\n\t\t\t});\n\t\t}\n\t}).done(function slide() {\n\t\t$imgWrappers = $(\".image-wrapper\");\n\t\t\/\/setInterval(animation, time); \/\/ set repetition interval\n\t\tanimation(); \/\/ trigger animation once until setInterval begins\n\t});\n\t$(\"#slider-wrapper\").hover(\n\t\tfunction() {\n\t\t\t$slidingWrapper.pause();\n\t\t},\n\t\tfunction() {\n\t\t\t$slidingWrapper.resume();\n\t\t}\n\t);\n});\nfunction animation() {\n\tif (left) {\n\t\t\/\/ animate to the left all to images' widths - container width \n\t\t\/\/ 'linear' = no acceletarion \/ 'swing' = acceletarion\n\t\t$slidingWrapper.animate({left: -(imgWrapperWidth * $imgWrappers.length - jQuery(\"#slider-wrapper\").width())}, time, 'linear', animation);\n\t}\n\telse {\n\t\t$slidingWrapper.animate({left: 0}, time, 'linear', animation); \n\t}\n\tleft = !left;\n}\nfunction getURL(f) {\n\treturn \"\/wp-content\/lateral-slider\/certificate-xl\/\" + f;\n}\n<\/script>\n<a href=\"#\" style=\"float: left; width: 100%;\">\n<div id=\"slider-wrapper\"> \n<div id=\"sliding-wrapper\">\n<\/div>\n<\/div>\n<\/a>\n<style>\n#slider-wrapper {\n\tposition: relative;\n\twidth: 100%;\n\theight: 200px;\n\tmargin: 0;\n\tborder: 1px solid orange;\n\toverflow: hidden;\n\ttext-align: left;\n        background-color: rgba(255, 152, 0, 0.15);\n}\n#sliding-wrapper {\n\tposition: absolute;\n\theight: 100%;\n\twidth: 100%;\n\tleft: 0;\n}\n.image-wrapper {\n\tposition: absolute;\n\tdisplay: inline-block;\n\theight: 100%;\n\twidth: 220px;\n\ttext-align: center;\n}\n.slider-image {\n\theight: calc(100% - 20px);\n\tpadding: 10px 20px 10px 20px;\n}\n<\/style>\n\t\t<\/div>\n\t<\/div>\n\n\t\t<\/div> \n\t<\/div> \n<\/div><\/div><\/div>\n","protected":false},"excerpt":{"rendered":"Normes internationales La qualit\u00e9 est un aspect essentiel des produits et des services, c'est pour cela qu'elle rev\u00eat une importance particuli\u00e8re au sein de SC AEM SA. Notre objectif est de d\u00e9terminer les besoins de nos clients et de les satisfaire. La mission de la soci\u00e9t\u00e9 SC AEM SA est de maintenir sa position en","protected":false},"author":1,"featured_media":0,"parent":0,"menu_order":0,"comment_status":"closed","ping_status":"closed","template":"","meta":[],"_links":{"self":[{"href":"https:\/\/www.aem.ro\/fr\/wp-json\/wp\/v2\/pages\/5908"}],"collection":[{"href":"https:\/\/www.aem.ro\/fr\/wp-json\/wp\/v2\/pages"}],"about":[{"href":"https:\/\/www.aem.ro\/fr\/wp-json\/wp\/v2\/types\/page"}],"author":[{"embeddable":true,"href":"https:\/\/www.aem.ro\/fr\/wp-json\/wp\/v2\/users\/1"}],"replies":[{"embeddable":true,"href":"https:\/\/www.aem.ro\/fr\/wp-json\/wp\/v2\/comments?post=5908"}],"version-history":[{"count":7,"href":"https:\/\/www.aem.ro\/fr\/wp-json\/wp\/v2\/pages\/5908\/revisions"}],"predecessor-version":[{"id":7416,"href":"https:\/\/www.aem.ro\/fr\/wp-json\/wp\/v2\/pages\/5908\/revisions\/7416"}],"wp:attachment":[{"href":"https:\/\/www.aem.ro\/fr\/wp-json\/wp\/v2\/media?parent=5908"}],"curies":[{"name":"wp","href":"https:\/\/api.w.org\/{rel}","templated":true}]}}