{"id":5911,"date":"2016-02-01T15:13:54","date_gmt":"2016-02-01T15:13:54","guid":{"rendered":"http:\/\/aem.ro\/fr\/?page_id=5911"},"modified":"2018-04-02T11:33:55","modified_gmt":"2018-04-02T11:33:55","slug":"responsabilite-sociale","status":"publish","type":"page","link":"https:\/\/www.aem.ro\/fr\/responsabilite-sociale\/","title":{"rendered":"Responsabilit\u00e9 sociale"},"content":{"rendered":"<div id=\"fws_69e1cbbc8eabc\" class=\"wpb_row animate_onoffset  vc_row-fluid  animate_onoffset row-dynamic-el standard_section    \" style=\"padding-top: 0px !important; padding-bottom: 0px !important; \"><div id=\"investim\" style=\"position: absolute;\"><\/div><div class=\"container  dark\"><div class=\"section_clear\">\n\t<div class=\"vc_col-sm-12 wpb_column column_container with_padding\" style=\"padding:\" data-animation=\"\" data-delay=\"\">\n\t\t<div class=\"wpb_wrapper\">\n\t\t\t<div class=\"header \" style=\"\"><h2>Investir dans l'avenir<\/h2><\/div>\n\t\t<\/div> \n\t<\/div> \n<\/div><\/div><\/div><div id=\"fws_69e1cbbc8f4ab\" class=\"wpb_row animate_onoffset  vc_row-fluid  animate_onoffset row-dynamic-el standard_section    \" style=\"padding-top: 0px !important; padding-bottom: 0px !important; \"><div class=\"container  dark\"><div class=\"section_clear\">\n\t<div class=\"vc_col-sm-4 wpb_column column_container with_padding\" style=\"padding:\" data-animation=\"\" data-delay=\"\">\n\t\t<div class=\"wpb_wrapper\">\n\t\t\t<div class=\"wpb_gallery wpb_content_element vc_clearfix\"><div class=\"wpb_wrapper\"><div class=\"wpb_gallery_slides wpb_flexslider flexslider_fade flexslider\" data-interval=\"3\" data-flex_fx=\"fade\"><ul class=\"slides\"><li><img width=\"725\" height=\"428\" src=\"https:\/\/www.aem.ro\/wp-content\/uploads\/2015\/10\/aem-green.png\" class=\"attachment-large\" alt=\"\" loading=\"lazy\" srcset=\"https:\/\/www.aem.ro\/wp-content\/uploads\/2015\/10\/aem-green.png 725w, https:\/\/www.aem.ro\/wp-content\/uploads\/2015\/10\/aem-green-300x177.png 300w, https:\/\/www.aem.ro\/wp-content\/uploads\/2015\/10\/aem-green-300x177@2x.png 600w\" sizes=\"(max-width: 725px) 100vw, 725px\" \/><\/li><\/ul><\/div><\/div><\/div>\n\t\t<\/div> \n\t<\/div> \n\n\t<div class=\"vc_col-sm-8 wpb_column column_container with_padding\" style=\"padding:\" data-animation=\"\" data-delay=\"\">\n\t\t<div class=\"wpb_wrapper\">\n\t\t\t\n\t<div class=\"wpb_text_column wpb_content_element \">\n\t\t<div class=\"wpb_wrapper\">\n\t\t\t<p><strong>La responsabilit\u00e9 sociale est la base de notre succ\u00e8s commercial d&#8217;aujourd&#8217;hui. Les sp\u00e9cialistes d&#8217;AEM g\u00e9n\u00e8rent de la valeur ajout\u00e9e, non seulement pour l&#8217;entreprise, mais aussi pour la soci\u00e9t\u00e9.<\/strong><\/p>\n<p>L&#8217;\u00e9quipe AEM est centr\u00e9e sur l&#8217;investissement dans l&#8217;avenir de solutions intelligentes de comptage de l&#8217;\u00e9lectricit\u00e9 et du gaz, de mani\u00e8re \u00e0 offrir aux clients des produits de haute qualit\u00e9 et des services de soutien.<\/p>\n<p>AEM a investi dans l&#8217;un de nos syst\u00e8mes non-polluants les plus avanc\u00e9s, en Europe centrale et de l&#8217;Est. Il s\u2019agit d&#8217;un syst\u00e8me de lavage des gaz provenant du proc\u00e9d\u00e9 de galvanisation. Les lignes de galvanisation automatiques pour l&#8217;atelier de galvanisation sont \u00e9quip\u00e9es d\u2019un syst\u00e8me de ventilation de type PUSH-PULL et les installations d&#8217;\u00e9vacuation des gaz sont \u00e9quip\u00e9es de syst\u00e8mes de lavage des gaz, en fonction du type de gaz d&#8217;\u00e9chappement, alcalines ou acides, qui garantissent des concentrations de polluants rejet\u00e9s dans l&#8217;atmosph\u00e8re dans les limites prescrites par la l\u00e9gislation.<\/p>\n\n\t\t<\/div> \n\t<\/div> \n\t\t<\/div> \n\t<\/div> \n<\/div><\/div><\/div><div id=\"fws_69e1cbbc90ef4\" class=\"wpb_row animate_onoffset  vc_row-fluid  animate_onoffset row-dynamic-el standard_section    \" style=\"padding-top: 0px !important; padding-bottom: 0px !important; \"><div class=\"container  dark\"><div class=\"section_clear\">\n\t<div class=\"vc_col-sm-12 wpb_column column_container with_padding vc_custom_1447319211227\" style=\"padding:\" data-animation=\"\" data-delay=\"\">\n\t\t<div class=\"wpb_wrapper\">\n\t\t\t\n\t<div class=\"wpb_text_column wpb_content_element \">\n\t\t<div class=\"wpb_wrapper\">\n\t\t\t<p style=\"font-weight: bold; color: #f4a426; font-size: 1.2em;\">Le syst\u00e8me de gestion environnementale, maintenu et d\u00e9velopp\u00e9 selon la norme <a style=\"color: #969ba2;\" href=\"http:\/\/www.iso.org\/iso\/home\/standards\/management-standards\/iso14000.htm\">ISO 14001<\/a> est certifi\u00e9 par SRAC ROMANIA et le syst\u00e8me de gestion de la sant\u00e9 et de la s\u00e9curit\u00e9 occupationnelle, selon la norme OHSAS 18001-2007, est certifi\u00e9 par SRAC ROMANIA.<\/p>\n\n\t\t<\/div> \n\t<\/div> \t<div class=\"vc_empty_space\"  style=\"height: 10px\" ><span\n\t\t\tclass=\"vc_empty_space_inner\"><\/span><\/div>\n\t\t<\/div> \n\t<\/div> \n<\/div><\/div><\/div><div id=\"fws_69e1cbbc9183f\" class=\"wpb_row animate_onoffset  vc_row-fluid  animate_onoffset row-dynamic-el standard_section    \" style=\"padding-top: 0px !important; padding-bottom: 0px !important; \"><div id=\"comunitate\" style=\"position: absolute;\"><\/div><div class=\"container  dark\"><div class=\"section_clear\">\n\t<div class=\"vc_col-sm-12 wpb_column column_container with_padding\" style=\"padding:\" data-animation=\"\" data-delay=\"\">\n\t\t<div class=\"wpb_wrapper\">\n\t\t\t<div class=\"header \" style=\"\"><h2>Communaut\u00e9<\/h2><\/div>\n\t\t<\/div> \n\t<\/div> \n<\/div><\/div><\/div><div id=\"fws_69e1cbbc91d6b\" class=\"wpb_row animate_onoffset  vc_row-fluid  animate_onoffset row-dynamic-el standard_section    \" style=\"padding-top: 0px !important; padding-bottom: 0px !important; \"><div class=\"container  dark\"><div class=\"section_clear\">\n\t<div class=\"vc_col-sm-4 wpb_column column_container with_padding\" style=\"padding:\" data-animation=\"\" data-delay=\"\">\n\t\t<div class=\"wpb_wrapper\">\n\t\t\t<div class=\"wpb_gallery wpb_content_element vc_clearfix\"><div class=\"wpb_wrapper\"><div class=\"wpb_gallery_slides wpb_flexslider flexslider_fade flexslider\" data-interval=\"3\" data-flex_fx=\"fade\"><ul class=\"slides\"><li><img width=\"725\" height=\"428\" src=\"https:\/\/www.aem.ro\/wp-content\/uploads\/2015\/10\/zmeu.png\" class=\"attachment-large\" alt=\"\" loading=\"lazy\" srcset=\"https:\/\/www.aem.ro\/wp-content\/uploads\/2015\/10\/zmeu.png 725w, https:\/\/www.aem.ro\/wp-content\/uploads\/2015\/10\/zmeu-300x177.png 300w, https:\/\/www.aem.ro\/wp-content\/uploads\/2015\/10\/zmeu-300x177@2x.png 600w\" sizes=\"(max-width: 725px) 100vw, 725px\" \/><\/li><\/ul><\/div><\/div><\/div>\n\t\t<\/div> \n\t<\/div> \n\n\t<div class=\"vc_col-sm-8 wpb_column column_container with_padding\" style=\"padding:\" data-animation=\"\" data-delay=\"\">\n\t\t<div class=\"wpb_wrapper\">\n\t\t\t\n\t<div class=\"wpb_text_column wpb_content_element \">\n\t\t<div class=\"wpb_wrapper\">\n\t\t\t<p><strong>Nous sommes convaincus que nous avons le pouvoir et le devoir de participer activement aux efforts de la communaut\u00e9 dans laquelle nous vivons, de jouer un r\u00f4le actif dans les questions contemporaines.<\/strong><\/p>\n<p><strong>Actions de philanthropie:<\/strong><\/p>\n<p style=\"font-size: .9em;\"><span style=\"color: #f4a426;\">&#8211; <\/span>dons d&#8217;ordinateurs et multim\u00e9dias pour les \u00e9coles des localit\u00e9s du d\u00e9partement Timi\u015f touch\u00e9es par les inondations de 2005.<br \/>\n<span style=\"color: #f4a426;\">&#8211; <\/span>dons par l&#8217;association \u00ab Linia verde pentru protectia copilului \u00bb pour aider les enfants malades.<br \/>\n<span style=\"color: #f4a426;\">&#8211; <\/span>dons \u00e0 l&#8217;association \u00ab Vocea copiilor \u00bb pour l&#8217;action \u00ab Floare de colt \u00bb, concours national pour les enfants et les jeunes talentueux, inscrits dans le syst\u00e8me de protection de l&#8217;enfance.<br \/>\n<span style=\"color: #f4a426;\">&#8211; <\/span>dons \u00ab Funda\u0163iei de Abilitare Speran\u0163a \u00bb de Timi\u015foara pour l&#8217;achat d&#8217;un minibus et l&#8217;am\u00e9nagement et la dotation du premier club pour adolescents et leurs parents.<br \/>\n<span style=\"color: #f4a426;\">&#8211; <\/span>construction d&#8217;une maison dans le village Ionel apr\u00e8s les inondations de 2005<br \/>\n<span style=\"color: #f4a426;\">&#8211; <\/span>am\u00e9nagement de la salle de spectacles de l\u2019\u00e9cole de musique Ion Vidu de Timi\u015foara<\/p>\n\n\t\t<\/div> \n\t<\/div> \n\t\t<\/div> \n\t<\/div> \n<\/div><\/div><\/div><div id=\"fws_69e1cbbc92d0a\" class=\"wpb_row animate_onoffset  vc_row-fluid  animate_onoffset row-dynamic-el standard_section    \" style=\"padding-top: 0px !important; padding-bottom: 0px !important; \"><div class=\"container  dark\"><div class=\"section_clear\">\n\t<div class=\"vc_col-sm-12 wpb_column column_container with_padding\" style=\"padding:\" data-animation=\"\" data-delay=\"\">\n\t\t<div class=\"wpb_wrapper\">\n\t\t\t\n\t<div class=\"wpb_text_column wpb_content_element \">\n\t\t<div class=\"wpb_wrapper\">\n\t\t\t<p><strong>B\u00e9n\u00e9volat dans la collectivit\u00e9:<\/strong><\/p>\n<p><span style=\"color: #f4a426;\">&#8211; <\/span>\u00a0Les b\u00e9n\u00e9voles de SC AEM SA ont particip\u00e9, au cours des cinq derni\u00e8res ann\u00e9es, au programme visant \u00e0 aider les personnes du \u00ab Complexe de services communautaires pour les enfants handicap\u00e9s \u00bb de la ville de Lugoj et du \u00ab Centre d&#8217;aide familiale et d&#8217;int\u00e9gration professionnelle des jeunes de Timisoara \u00bb, en leur offrant des cadeaux \u00e0 la veille des principales f\u00eates de l\u2019ann\u00e9e : No\u00ebl, P\u00e2ques, F\u00eate des enfants.<\/p>\n<p>En outre, la haute direction et les salari\u00e9s de SC AEM SA participent \u00e0 des programmes de d\u00e9veloppement communautaire, des initiatives \u00e9ducatives et des \u00e9v\u00e9nements culturels<\/p>\n\n\t\t<\/div> \n\t<\/div> \n\t\t<\/div> \n\t<\/div> \n<\/div><\/div><\/div><div id=\"fws_69e1cbbc932dc\" class=\"wpb_row animate_onoffset  vc_row-fluid  animate_onoffset row-dynamic-el standard_section    \" style=\"padding-top: 0px !important; padding-bottom: 0px !important; \"><div class=\"container  dark\"><div class=\"section_clear\">\n\t<div class=\"vc_col-sm-12 wpb_column column_container with_padding\" style=\"padding:\" data-animation=\"\" data-delay=\"\">\n\t\t<div class=\"wpb_wrapper\">\n\t\t\t\n\t<div class=\"wpb_raw_code wpb_content_element wpb_raw_html\">\n\t\t<div class=\"wpb_wrapper\">\n\t\t\t<a class=\"vc_general vc_btn3 vc_btn3-size-md vc_btn3-shape-square vc_btn3-style-modern vc_btn3-color-warning\" href=\"http:\/\/aem.ro\/wp-content\/uploads\/2018\/04\/Cod-de-conduita-27.03.2018.pdf\" title=\"\" target=\"_blank\">Cod de conduita<\/a>\n\t\t<\/div>\n\t<\/div>\n\n\t\t<\/div> \n\t<\/div> \n<\/div><\/div><\/div>\n","protected":false},"excerpt":{"rendered":"Investir dans l'avenir La responsabilit\u00e9 sociale est la base de notre succ\u00e8s commercial d'aujourd'hui. Les sp\u00e9cialistes d'AEM g\u00e9n\u00e8rent de la valeur ajout\u00e9e, non seulement pour l'entreprise, mais aussi pour la soci\u00e9t\u00e9. L'\u00e9quipe AEM est centr\u00e9e sur l'investissement dans l'avenir de solutions intelligentes de comptage de l'\u00e9lectricit\u00e9 et du gaz, de mani\u00e8re \u00e0 offrir aux clients","protected":false},"author":1,"featured_media":0,"parent":0,"menu_order":0,"comment_status":"closed","ping_status":"closed","template":"","meta":[],"_links":{"self":[{"href":"https:\/\/www.aem.ro\/fr\/wp-json\/wp\/v2\/pages\/5911"}],"collection":[{"href":"https:\/\/www.aem.ro\/fr\/wp-json\/wp\/v2\/pages"}],"about":[{"href":"https:\/\/www.aem.ro\/fr\/wp-json\/wp\/v2\/types\/page"}],"author":[{"embeddable":true,"href":"https:\/\/www.aem.ro\/fr\/wp-json\/wp\/v2\/users\/1"}],"replies":[{"embeddable":true,"href":"https:\/\/www.aem.ro\/fr\/wp-json\/wp\/v2\/comments?post=5911"}],"version-history":[{"count":4,"href":"https:\/\/www.aem.ro\/fr\/wp-json\/wp\/v2\/pages\/5911\/revisions"}],"predecessor-version":[{"id":7464,"href":"https:\/\/www.aem.ro\/fr\/wp-json\/wp\/v2\/pages\/5911\/revisions\/7464"}],"wp:attachment":[{"href":"https:\/\/www.aem.ro\/fr\/wp-json\/wp\/v2\/media?parent=5911"}],"curies":[{"name":"wp","href":"https:\/\/api.w.org\/{rel}","templated":true}]}}