{"id":5915,"date":"2016-02-01T16:11:18","date_gmt":"2016-02-01T16:11:18","guid":{"rendered":"http:\/\/aem.ro\/fr\/?page_id=5915"},"modified":"2016-02-04T14:24:17","modified_gmt":"2016-02-04T14:24:17","slug":"produits","status":"publish","type":"page","link":"https:\/\/www.aem.ro\/fr\/produits\/","title":{"rendered":"Produits"},"content":{"rendered":"<div id=\"fws_69e1cbf295905\" class=\"wpb_row animate_onoffset  vc_row-fluid  animate_onoffset row-dynamic-el section-style    \" style=\"padding-top: 60px !important; padding-bottom: 60px !important; \"><div class=\"container  dark\"><div class=\"section_clear\">\n\t<div class=\"vc_col-sm-12 wpb_column column_container with_padding\" style=\"padding:\" data-animation=\"\" data-delay=\"\">\n\t\t<div class=\"wpb_wrapper\">\n\t\t\t<div class=\"vc_row wpb_row vc_inner vc_row-fluid\"><div class=\"wpb_column vc_column_container vc_col-sm-3\"><div class=\"wpb_wrapper\">\t<div class=\"vc_empty_space\"  style=\"height: 20px\" ><span\n\t\t\tclass=\"vc_empty_space_inner\"><\/span><\/div><div class=\"header \" style=\"\"><h2>Produits <\/h2><\/div>\n\t<div class=\"wpb_text_column wpb_content_element \">\n\t\t<div class=\"wpb_wrapper\">\n\t\t\t<p>AEM offre des produits et des solutions innovantes. L&#8217;int\u00e9gralit\u00e9 du processus de production est r\u00e9alis\u00e9e par les meilleurs sp\u00e9cialistes d\u2019AEM \u00e0 l\u2019aide de robots modernes, sp\u00e9cifiquement con\u00e7us pour les besoins de l&#8217;entreprise.<\/p>\n<p>Le niveau d&#8217;int\u00e9gration du processus de fabrication est actuellement \u00e0 100%.<br \/>\nLes pi\u00e8ces et les sous-ensembles des produits sont fabriqu\u00e9s par des personnes sp\u00e9cialis\u00e9es dans le domaine, ce qui assure la qualit\u00e9, l&#8217;efficacit\u00e9 des co\u00fbts, la flexibilit\u00e9 et la rapidit\u00e9.<\/p>\n\n\t\t<\/div> \n\t<\/div> <\/div><\/div><div class=\"wpb_column vc_column_container vc_col-sm-3 vc_custom_1446454487097\"><div class=\"wpb_wrapper\">\n\t<div class=\"wpb_raw_code wpb_content_element wpb_raw_html\">\n\t\t<div class=\"wpb_wrapper\">\n\t\t\t<div onclick=\"document.location = '\/fr\/contoare-de-electricitate\/'\" style=\"text-align: center;\"><h3 style=\"line-height: 40px;\">Compteurs d'\u00e9lectricit\u00e9 <\/h3><\/div>\n<div onclick=\"document.location = '\/fr\/contoare-de-electricitate\/'\" style=\"border: 2px solid #F4A426; padding: 50px 30px;cursor: pointer; height: 155px;\">\n<img src=\"\/wp-content\/uploads\/2015\/11\/prod-electrical.png\" alt=\"electrical\">\n<\/div>\n<div onclick=\"document.location = '\/fr\/contoare-de-electricitate\/'\" style=\"width: 100%; height: 35px; background-color: #F4A426; color: #fff; text-align: center;font-size: 1.03em;line-height: 33px;font-weight: bold;cursor: pointer;\">\nVOIR TOUS LES PRODUITS\n<\/div>\n\t\t<\/div>\n\t<\/div>\n<\/div><\/div><div class=\"wpb_column vc_column_container vc_col-sm-3 vc_custom_1446455331534\"><div class=\"wpb_wrapper\">\n\t<div class=\"wpb_raw_code wpb_content_element wpb_raw_html\">\n\t\t<div class=\"wpb_wrapper\">\n\t\t\t<div onclick=\"document.location = '\/fr\/contoare-de-gaz'\" style=\"text-align: center;\"><h3 style=\"line-height: 40px;\">Compteurs de gaz<\/h3><\/div>\n<div onclick=\"document.location = '\/fr\/contoare-de-gaz\/'\" style=\"border: 2px solid #F4A426; padding: 50px 30px;cursor: pointer; height: 155px;\">\n<img src=\"\/wp-content\/uploads\/2015\/11\/prod-gas.png\" alt=\"electrical\">\n<\/div>\n<div onclick=\"document.location = '\/fr\/contoare-de-gaz'\" style=\"width: 100%; height: 35px; background-color: #F4A426; color: #fff; text-align: center;font-size: 1.03em;line-height: 33px;font-weight: bold;cursor: pointer;\">\nVOIR TOUS LES PRODUITS\n<\/div>\n\t\t<\/div>\n\t<\/div>\n<\/div><\/div><div class=\"wpb_column vc_column_container vc_col-sm-3 vc_custom_1446455339850\"><div class=\"wpb_wrapper\">\n\t<div class=\"wpb_raw_code wpb_content_element wpb_raw_html\">\n\t\t<div class=\"wpb_wrapper\">\n\t\t\t<div onclick=\"document.location = '\/fr\/alte-produse\/'\" style=\"text-align: center;\"><h3 style=\"line-height: 40px;\">Autres produits <\/h3><\/div>\n<div onclick=\"document.location = '\/fr\/alte-produse\/'\" style=\"border: 2px solid #F4A426; padding: 30px 50px 70px 53px;cursor: pointer;height: 155px;\">\n<img src=\"\/wp-content\/uploads\/2015\/11\/prod-other.png\" alt=\"electrical\" style=\"\n    height: 200px;\n\">\n<\/div>\n<div onclick=\"document.location = '\/fr\/alte-produse\/'\" style=\"width: 100%; height: 35px; background-color: #F4A426; color: #fff; text-align: center;font-size: 1.03em;line-height: 33px;font-weight: bold;cursor: pointer;\">\nVOIR TOUS LES PRODUITS\n<\/div>\n\t\t<\/div>\n\t<\/div>\n<\/div><\/div><\/div>\n\t\t<\/div> \n\t<\/div> \n<\/div><\/div><\/div>\n","protected":false},"excerpt":{"rendered":"Produits AEM offre des produits et des solutions innovantes. L'int\u00e9gralit\u00e9 du processus de production est r\u00e9alis\u00e9e par les meilleurs sp\u00e9cialistes d\u2019AEM \u00e0 l\u2019aide de robots modernes, sp\u00e9cifiquement con\u00e7us pour les besoins de l'entreprise. Le niveau d'int\u00e9gration du processus de fabrication est actuellement \u00e0 100%. Les pi\u00e8ces et les sous-ensembles des produits sont fabriqu\u00e9s par des","protected":false},"author":1,"featured_media":0,"parent":0,"menu_order":0,"comment_status":"open","ping_status":"closed","template":"","meta":[],"_links":{"self":[{"href":"https:\/\/www.aem.ro\/fr\/wp-json\/wp\/v2\/pages\/5915"}],"collection":[{"href":"https:\/\/www.aem.ro\/fr\/wp-json\/wp\/v2\/pages"}],"about":[{"href":"https:\/\/www.aem.ro\/fr\/wp-json\/wp\/v2\/types\/page"}],"author":[{"embeddable":true,"href":"https:\/\/www.aem.ro\/fr\/wp-json\/wp\/v2\/users\/1"}],"replies":[{"embeddable":true,"href":"https:\/\/www.aem.ro\/fr\/wp-json\/wp\/v2\/comments?post=5915"}],"version-history":[{"count":7,"href":"https:\/\/www.aem.ro\/fr\/wp-json\/wp\/v2\/pages\/5915\/revisions"}],"predecessor-version":[{"id":7215,"href":"https:\/\/www.aem.ro\/fr\/wp-json\/wp\/v2\/pages\/5915\/revisions\/7215"}],"wp:attachment":[{"href":"https:\/\/www.aem.ro\/fr\/wp-json\/wp\/v2\/media?parent=5915"}],"curies":[{"name":"wp","href":"https:\/\/api.w.org\/{rel}","templated":true}]}}