{"id":5917,"date":"2016-02-01T16:13:54","date_gmt":"2016-02-01T16:13:54","guid":{"rendered":"http:\/\/aem.ro\/fr\/?page_id=5917"},"modified":"2018-10-16T07:20:36","modified_gmt":"2018-10-16T07:20:36","slug":"solutions","status":"publish","type":"page","link":"https:\/\/www.aem.ro\/fr\/solutions\/","title":{"rendered":"Solutions"},"content":{"rendered":"<div id=\"fws_69e75c2bdb981\" class=\"wpb_row animate_onoffset  vc_row-fluid  animate_onoffset row-dynamic-el standard_section    \" style=\"padding-top: 0px !important; padding-bottom: 0px !important; \"><div id=\"solutii\" style=\"position: absolute;\"><\/div><div class=\"container  dark\"><div class=\"section_clear\">\n\t<div class=\"vc_col-sm-3 wpb_column column_container with_padding\" style=\"padding:\" data-animation=\"\" data-delay=\"\">\n\t\t<div class=\"wpb_wrapper\">\n\t\t\t<div class=\"header \" style=\"\"><h2>Solutions<\/h2><\/div>\n\t<div class=\"wpb_text_column wpb_content_element \">\n\t\t<div class=\"wpb_wrapper\">\n\t\t\t<p>Chez AEM nous allons au-del\u00e0 de l&#8217;innovation, ainsi nous d\u00e9veloppons des solutions int\u00e9gr\u00e9es de comptage et de communication pour le client. Nos experts connaissent toutes les exigences du march\u00e9, d\u00e9veloppant ainsi une gamme de solutions int\u00e9gr\u00e9es sous forme de syst\u00e8mes AMM. Dans un milieu en perp\u00e9tuelle \u00e9volution, les syst\u00e8mes ARGUS sont \u00e0 la fois souples et efficaces pour l&#8217;acquisition de donn\u00e9es, la gestion et la transmission d&#8217;informations aux clients, distributeurs, soci\u00e9t\u00e9s d&#8217;\u00c9tat ou fournisseurs de services.<\/p>\n<p>Un syst\u00e8me compos\u00e9 de logiciel et de mat\u00e9riel qui lit l&#8217;\u00e9nergie (gaz ou \u00e9lectricit\u00e9), communique avec un serveur et envoie automatiquement les factures aux clients. Avec les solutions intelligentes d&#8217;AEM, tout est possible.<\/p>\n\n\t\t<\/div> \n\t<\/div> \t<div class=\"vc_btn3-container vc_btn3-inline\"><a class=\"vc_general vc_btn3 vc_btn3-size-lg vc_btn3-shape-rounded vc_btn3-style-flat vc_btn3-icon-left vc_btn3-color-grey\" href=\"\/wp-content\/uploads\/2018\/10\/Prezentare-sisteme-AMR-eng.pdf\" title=\"\" target=\"_blank\"><i class=\"vc_btn3-icon fa fa-file-pdf-o\"><\/i> AMR Pr\u00e9sentation <\/a><\/div>\t<div class=\"vc_btn3-container vc_btn3-inline\"><a class=\"vc_general vc_btn3 vc_btn3-size-lg vc_btn3-shape-rounded vc_btn3-style-flat vc_btn3-icon-left vc_btn3-color-grey\" href=\"\/wp-content\/uploads\/2018\/09\/Fisa-tehnica-Interfata-PLC-trifazata-PRIME-eng.compressed.pdf\" title=\"\" target=\"_blank\"><i class=\"vc_btn3-icon fa fa-file-pdf-o\"><\/i> Interfata PLC trifazata PRIME<\/a><\/div>\n\t\t<\/div> \n\t<\/div> \n\n\t<div class=\"vc_col-sm-9 wpb_column column_container with_padding vc_custom_1446456667597\" style=\"padding:\" data-animation=\"\" data-delay=\"\">\n\t\t<div class=\"wpb_wrapper\">\n\t\t\t<div class=\"wpb_gallery wpb_content_element vc_clearfix\"><div class=\"wpb_wrapper\"><div class=\"wpb_gallery_slides wpb_image_grid\" data-interval=\"3\"><ul class=\"wpb_image_grid_ul\"><li class=\"isotope-item\"><img width=\"2983\" height=\"1935\" src=\"https:\/\/www.aem.ro\/wp-content\/uploads\/2014\/10\/schema-AEM.png\" class=\"attachment-full\" alt=\"\" loading=\"lazy\" srcset=\"https:\/\/www.aem.ro\/wp-content\/uploads\/2014\/10\/schema-AEM.png 2983w, https:\/\/www.aem.ro\/wp-content\/uploads\/2014\/10\/schema-AEM-300x195.png 300w, https:\/\/www.aem.ro\/wp-content\/uploads\/2014\/10\/schema-AEM-1024x664.png 1024w, https:\/\/www.aem.ro\/wp-content\/uploads\/2014\/10\/schema-AEM-930x603.png 930w, https:\/\/www.aem.ro\/wp-content\/uploads\/2014\/10\/schema-AEM-300x195@2x.png 600w, https:\/\/www.aem.ro\/wp-content\/uploads\/2014\/10\/schema-AEM-1024x664@2x.png 2048w, https:\/\/www.aem.ro\/wp-content\/uploads\/2014\/10\/schema-AEM-930x603@2x.png 1860w\" sizes=\"(max-width: 2983px) 100vw, 2983px\" \/><\/li><\/ul><\/div><\/div><\/div>\n\t\t<\/div> \n\t<\/div> \n<\/div><\/div><\/div><div id=\"fws_69e75c2bdde5a\" class=\"wpb_row animate_onoffset  vc_row-fluid  animate_onoffset row-dynamic-el standard_section    \" style=\"padding-top: 0px !important; padding-bottom: 0px !important; \"><div class=\"container  dark\"><div class=\"section_clear\">\n\t<div class=\"vc_col-sm-12 wpb_column column_container with_padding\" style=\"padding:\" data-animation=\"\" data-delay=\"\">\n\t\t<div class=\"wpb_wrapper\">\n\t\t\t<div class=\"header \" style=\"\"><h2>Notre usine<\/h2><\/div>\n\t\t<\/div> \n\t<\/div> \n<\/div><\/div><\/div><div id=\"fws_69e75c2bde3c0\" class=\"wpb_row animate_onoffset  vc_row-fluid  animate_onoffset row-dynamic-el standard_section    \" style=\"padding-top: 0px !important; padding-bottom: 0px !important; \"><div class=\"container  dark\"><div class=\"section_clear\">\n\t<div class=\"vc_col-sm-12 wpb_column column_container with_padding\" style=\"padding:\" data-animation=\"\" data-delay=\"\">\n\t\t<div class=\"wpb_wrapper\">\n\t\t\t\n\t<div class=\"wpb_raw_code wpb_content_element wpb_raw_html\">\n\t\t<div class=\"wpb_wrapper\">\n\t\t\t<script src=\"\/wp-content\/lateral-slider\/jquery-pause.js\"><\/script>\n<script>\nvar dir = \"\/wp-content\/lateral-slider\/fabrica-xs\/\"; \/\/ directory containing images\nvar xlDir = \"\/wp-content\/lateral-slider\/fabrica-xl\/\"; \/\/ directory containing large images for popup\nvar fileExtension = \".jpg\"; \/\/ for multiple extensions use var fileExtension = [\".png\", \".jpg\"];\nvar imgWrapperWidth = 300; \/\/ width of one image wrapper in px\nvar $slidingWrapper;\nvar $imgWrappers;\nvar left = true; \/\/ slide left first\nvar time = 150000; \/\/ ms, adjust speed here\nwindow.onload = function() {\n\t$slidingWrapper = jQuery(\"#sliding-wrapper\");\n\tjQuery.ajax({\n\t\t\/\/This will retrieve the contents of the folder if the folder is configured as 'browsable'\n\t\turl: dir,\n\t\tsuccess: function (data) {\n\t\t\t\/\/List all .png file names in the page\n\t\t\tvar i = 0;\n\t\t\t\/\/ for each image found in dir\n\t\t\tjQuery(data).find(\"a:contains(\" + fileExtension + \")\").each(function () {\n\t\t\t\t\/\/ get image filename\n\t\t\t\tvar filename = this.href.substring(this.href.lastIndexOf(\"\/\") + 1, this.href.lenght);\n\t\t\t\t\/\/ place each image at imgWrapperWidth left of the previous\n\t\t\t\t$slidingWrapper.append(\"<div style='left:\" + i * imgWrapperWidth + \"px' class='image-wrapper'><a target='_blank' href='\" + xlDir + filename + \"'><img class='slider-image' src='\" + dir + filename + \"'\/><\/a><\/div>\");\n\t\t\t\ti++;\n\t\t\t});\n\t\t}\n\t}).done(function slide() {\n\t\t$imgWrappers = jQuery(\".image-wrapper\");\n\t\t\/\/setInterval(animation, time); \/\/ set repetition interval\n\t\tanimation(); \/\/ trigger animation once until setInterval begins\n\t});\n\tjQuery(\"#slider-wrapper\").hover(\n\t\tfunction() {\n\t\t\t$slidingWrapper.pause();\n\t\t},\n\t\tfunction() {\n\t\t\t$slidingWrapper.resume();\n\t\t}\n\t);\n}\nfunction animation() {\n\tif (left) {\n\t\t\/\/ animate to the left all to images' widths - container width \n\t\t\/\/ 'linear' = no acceletarion \/ 'swing' = acceletarion\n\t\t$slidingWrapper.animate({left: -(imgWrapperWidth * $imgWrappers.length - jQuery(\"#slider-wrapper\").width())}, time, 'linear', animation);\n\t}\n\telse {\n\t\t$slidingWrapper.animate({left: 0}, time, 'linear', animation); \n\t}\n\tleft = !left;\n}\n<\/script>\n<a href=\"\/produse-si-solutii\/\">\n<div id=\"slider-wrapper\"> \n<div id=\"sliding-wrapper\">\n<\/div>\n<\/div>\n<\/a>\n<style>\n#slider-wrapper {\n\tposition: relative;\n\twidth: 100%;\n\theight: 200px;\n\tmargin: 0;\n\tborder: 1px solid #E1E1E1;\n\toverflow: hidden;\n\ttext-align: left;\n}\n#sliding-wrapper {\n\tposition: absolute;\n\theight: 100%;\n\twidth: 100%;\n\tleft: 0;\n}\n.image-wrapper {\n\tposition: absolute;\n\tdisplay: inline-block;\n\theight: 100%;\n\twidth: 300px;\n\ttext-align: center;\n}\n.slider-image {\n\theight: calc(100% - 20px);\n\tpadding: 10px 20px 10px 20px;\n}\n<\/style>\n\t\t<\/div>\n\t<\/div>\n\n\t\t<\/div> \n\t<\/div> \n<\/div><\/div><\/div>\n","protected":false},"excerpt":{"rendered":"Solutions Chez AEM nous allons au-del\u00e0 de l'innovation, ainsi nous d\u00e9veloppons des solutions int\u00e9gr\u00e9es de comptage et de communication pour le client. Nos experts connaissent toutes les exigences du march\u00e9, d\u00e9veloppant ainsi une gamme de solutions int\u00e9gr\u00e9es sous forme de syst\u00e8mes AMM. Dans un milieu en perp\u00e9tuelle \u00e9volution, les syst\u00e8mes ARGUS sont \u00e0 la fois","protected":false},"author":1,"featured_media":0,"parent":0,"menu_order":0,"comment_status":"closed","ping_status":"closed","template":"","meta":[],"_links":{"self":[{"href":"https:\/\/www.aem.ro\/fr\/wp-json\/wp\/v2\/pages\/5917"}],"collection":[{"href":"https:\/\/www.aem.ro\/fr\/wp-json\/wp\/v2\/pages"}],"about":[{"href":"https:\/\/www.aem.ro\/fr\/wp-json\/wp\/v2\/types\/page"}],"author":[{"embeddable":true,"href":"https:\/\/www.aem.ro\/fr\/wp-json\/wp\/v2\/users\/1"}],"replies":[{"embeddable":true,"href":"https:\/\/www.aem.ro\/fr\/wp-json\/wp\/v2\/comments?post=5917"}],"version-history":[{"count":7,"href":"https:\/\/www.aem.ro\/fr\/wp-json\/wp\/v2\/pages\/5917\/revisions"}],"predecessor-version":[{"id":7594,"href":"https:\/\/www.aem.ro\/fr\/wp-json\/wp\/v2\/pages\/5917\/revisions\/7594"}],"wp:attachment":[{"href":"https:\/\/www.aem.ro\/fr\/wp-json\/wp\/v2\/media?parent=5917"}],"curies":[{"name":"wp","href":"https:\/\/api.w.org\/{rel}","templated":true}]}}