{"id":5925,"date":"2016-02-01T16:46:47","date_gmt":"2016-02-01T16:46:47","guid":{"rendered":"http:\/\/aem.ro\/it\/?page_id=5925"},"modified":"2016-02-09T12:17:38","modified_gmt":"2016-02-09T12:17:38","slug":"acasa","status":"publish","type":"page","link":"https:\/\/www.aem.ro\/it\/","title":{"rendered":"Acasa"},"content":{"rendered":"<div id=\"fws_69e2e4a80440b\" class=\"wpb_row animate_onoffset  vc_row-fluid  animate_onoffset row-dynamic-el standard_section    \" style=\"padding-top: 0px !important; padding-bottom: 0px !important; \"><div class=\"container  dark\"><div class=\"section_clear\">\n\t<div class=\"vc_col-sm-12 wpb_column column_container with_padding\" style=\"padding:\" data-animation=\"\" data-delay=\"\">\n\t\t<div class=\"wpb_wrapper\">\n\t\t\t\n\t<div class=\"wpb_raw_code wpb_content_element wpb_raw_html\">\n\t\t<div class=\"wpb_wrapper\">\n\t\t\t<script> \nvar visible = false;\njQuery(window).scroll(\n\tfunction() {\n\t\tif (jQuery(window).scrollTop() >= 450 && !visible) {\n\t\t\tjQuery(\"#lateral-popup\").animate({left: \"-=280px\"}, \"slow\");\n\t\t\tvisible = true;\n\t\t}\n\t\tif (jQuery(window).scrollTop() < 450 && visible) {\n\t\t\tjQuery(\"#lateral-popup\").animate({left: \"+=280px\"}, \"slow\");\t\n\t\t\tvisible = false;\n\t\t}\n\t}\n);\nfunction closePopup() {\n\tjQuery(\"#lateral-popup\").animate({left: \"+=280px\"}, \"fast\", function() {jQuery(\"#lateral-popup\").remove();});\n}\n<\/script>\n<style>\n#lateral-popup {\n\twidth: 250px;\n\tposition: fixed;\n\tleft: calc(100% + 30px);\n\ttop: 150px;\n\tcursor: pointer;\n\tz-index: 99999;\n}\n#popupimg:hover {\n\t-webkit-filter: contrast(120%);\n\t-moz-filter: contrast(120%);\n\t-opera-filter: contrast(120%);\n\t-ms-filter: contrast(120%);\n\tfilter: contrast(120%);\n}\n#popupximg:hover {\n\topacity: 1;\n}\n#popupximg{\n\topacity: 0.9;\n}\n<\/style>\n<div id=\"lateral-popup\">\n<a onclick=\"closePopup();\" rel=\"wp-video-lightbox\" href=\"https:\/\/youtu.be\/A6Dijy5GFj8?width=1280&height=720\" title=\"\">\n<img id=\"popupimg\" src=\"\/wp-content\/lateral-popup\/popup-it.png\" style=\"width: 100%; \"\/><\/a>\n<div id=\"lateral-popupx\" onclick=\"closePopup();\">\n<img id=\"popupximg\" src=\"\/wp-content\/lateral-popup\/popupx.PNG\" style=\"width: 22px; position: absolute; top: -8px; left: -8px;\"\/>\n<\/div>\n<\/div>\n\t\t<\/div>\n\t<\/div>\n\n\t\t<\/div> \n\t<\/div> \n<\/div><\/div><\/div><div id=\"fws_69e2e4a805697\" class=\"wpb_row animate_onoffset  vc_row-fluid  animate_onoffset row-dynamic-el standard_section    \" style=\"padding-top: 0px !important; padding-bottom: 0px !important; \"><div class=\"container  dark\"><div class=\"section_clear\">\n\t<div class=\"vc_col-sm-4 first-row wpb_column column_container with_padding\" style=\"padding:\" data-animation=\"\" data-delay=\"\">\n\t\t<div class=\"wpb_wrapper\">\n\t\t\t<div class=\"wpb_gallery wpb_content_element vc_clearfix\"><div class=\"wpb_wrapper\"><div class=\"wpb_gallery_slides wpb_flexslider flexslider_fade flexslider\" data-interval=\"3\" data-flex_fx=\"fade\"><ul class=\"slides\"><li><img width=\"300\" height=\"120\" src=\"https:\/\/www.aem.ro\/wp-content\/uploads\/2015\/01\/aem-300x120.png\" class=\"attachment-medium\" alt=\"\" loading=\"lazy\" \/><\/li><\/ul><\/div><\/div><\/div>\n\t<div class=\"wpb_text_column wpb_content_element \">\n\t\t<div class=\"wpb_wrapper\">\n\t\t\t<p style=\"text-align: center; margin-top: -70px;\"><a href=\"\/chi-siamo\/#simbolul-orasului\"><strong style=\"font-size: 1.2em; line-height: 50px;\">Un simbolo della citt\u00e0<\/strong><\/a><br \/>\nQuando la tradizione incontra l\u2019innovazione, il risultato \u00e8 una Societ\u00e0 nel cuore della misurazione dell\u2019energia. AEM \u00e8 un simbolo della citt\u00e0 e un fornitore preferito a livello mondiale per la fornitura di contatori di elettricit\u00e0 e di gas.<\/p>\n\n\t\t<\/div> \n\t<\/div> \n\t\t<\/div> \n\t<\/div> \n\n\t<div class=\"vc_col-sm-4 first-row wpb_column column_container with_padding\" style=\"padding:\" data-animation=\"\" data-delay=\"\">\n\t\t<div class=\"wpb_wrapper\">\n\t\t\t<div class=\"wpb_gallery wpb_content_element vc_clearfix\"><div class=\"wpb_wrapper\"><div class=\"wpb_gallery_slides wpb_flexslider flexslider_fade flexslider\" data-interval=\"3\" data-flex_fx=\"fade\"><ul class=\"slides\"><li><img width=\"300\" height=\"120\" src=\"https:\/\/www.aem.ro\/wp-content\/uploads\/2015\/01\/o-companie-integrata-300x120.png\" class=\"attachment-medium\" alt=\"\" loading=\"lazy\" srcset=\"https:\/\/www.aem.ro\/wp-content\/uploads\/2015\/01\/o-companie-integrata-300x120.png 300w, https:\/\/www.aem.ro\/wp-content\/uploads\/2015\/01\/o-companie-integrata.png 337w\" sizes=\"(max-width: 300px) 100vw, 300px\" \/><\/li><\/ul><\/div><\/div><\/div>\n\t<div class=\"wpb_text_column wpb_content_element \">\n\t\t<div class=\"wpb_wrapper\">\n\t\t\t<p style=\"text-align: center; margin-top: -70px;\"><a href=\"\/chi-siamo\/#companie-integrata\"><strong style=\"font-size: 1.2em; line-height: 50px;\">Una Societ\u00e0 integrata<\/strong><\/a><br \/>\nSiamo orgogliosi di poter dire che siamo un\u2019Azienda integrata e che controlliamo l\u2019intero processo di produzione delle parti. La gamma di prodotti comprende contatori di elettricit\u00e0 e di gas.<\/p>\n\n\t\t<\/div> \n\t<\/div> \n\t\t<\/div> \n\t<\/div> \n\n\t<div class=\"vc_col-sm-4 first-row wpb_column column_container with_padding\" style=\"padding:\" data-animation=\"\" data-delay=\"\">\n\t\t<div class=\"wpb_wrapper\">\n\t\t\t<div class=\"wpb_gallery wpb_content_element vc_clearfix\"><div class=\"wpb_wrapper\"><div class=\"wpb_gallery_slides wpb_flexslider flexslider_fade flexslider\" data-interval=\"3\" data-flex_fx=\"fade\"><ul class=\"slides\"><li><img width=\"300\" height=\"120\" src=\"https:\/\/www.aem.ro\/wp-content\/uploads\/2015\/10\/o-prezenta-globala-300-x-120-300x120.png\" class=\"attachment-medium\" alt=\"\" loading=\"lazy\" \/><\/li><\/ul><\/div><\/div><\/div>\n\t<div class=\"wpb_text_column wpb_content_element \">\n\t\t<div class=\"wpb_wrapper\">\n\t\t\t<p style=\"text-align: center; margin-top: -70px;\"><a href=\"\/chi-siamo\/#prezenta-globala\"><strong style=\"font-size: 1.2em; line-height: 50px;\">Una presenza a livello mondiale<\/strong><\/a><br \/>\nCon una presenza globale e di fiducia in Europa, Asia, Sud America o Africa, l\u2019AEM \u00e8 un\u2019Azienda flessibile che comprende le differenze di ogni Paese e fornisce prodotti di alto livello, adatti per qualsiasi mercato.<\/p>\n\n\t\t<\/div> \n\t<\/div> \n\t\t<\/div> \n\t<\/div> \n<\/div><\/div><\/div><div id=\"fws_69e2e4a8090da\" class=\"wpb_row animate_onoffset  vc_row-fluid  animate_onoffset row-dynamic-el section-style  banda-row  \" style=\"padding-top: 0px !important; padding-bottom: 60px !important; \"><div class=\"container  dark\"><div class=\"section_clear\">\n\t<div class=\"vc_col-sm-12 wpb_column column_container with_padding\" style=\"padding:\" data-animation=\"\" data-delay=\"\">\n\t\t<div class=\"wpb_wrapper\">\n\t\t\t\n\t<div class=\"wpb_raw_code wpb_content_element wpb_raw_html\">\n\t\t<div class=\"wpb_wrapper\">\n\t\t\t<div style=\"background: url('\/wp-content\/uploads\/2015\/10\/bara-vezi-film.png') no-repeat; width: 100%; height: 165px;background-position: center;background-size: contain;\">\n  <a id=\"film-link\" href=\"https:\/\/youtu.be\/Lh0UNVTKmF8\" target=\"_blank\">\n  \tVEZI FILMUL NOSTRU DE PREZENTARE\n  <\/a> \n<\/div>\n\n\n<style>\n#film-link {\n    width: 30%;\n    border: 2px solid #C3C3C3;\n    height: 50px;\n    float: right;\n    position: relative;\n    top: 34%;\n    right: 6%;\n    color: #F6A526;\n    background-color: #E8E8E8;\n    text-align: center;\n    font-size: 1.15em;\n    font-weight: 600;\n    line-height: 50px;\n    border-radius: 10px;\n}\n#film-link:hover {\n    background-color: #D8D8D8;\n}\n@media (max-width: 980px) {\n#film-link {\n    height: 22%;\n    top: 38%;\n    right: 6%;\n    color: #F6A526;\n    font-size: 0.8em;\n    line-height: 37px;\n}\n}\n@media (max-width: 780px) {\n#film-link {\n    height: 10%;\n    top: 44%;\n    right: 6%;\n    color: #F6A526;\n    font-size: 0.32em;\n    line-height: 17px;\n}\n}\n<\/style>\n\t\t<\/div>\n\t<\/div>\n\n\t\t<\/div> \n\t<\/div> \n<\/div><\/div><\/div><div id=\"fws_69e2e4a80a36d\" class=\"wpb_row animate_onoffset  vc_row-fluid  animate_onoffset row-dynamic-el standard_section    \" style=\"padding-top: 0px !important; padding-bottom: 0px !important; \"><div class=\"container  dark\"><div class=\"section_clear\">\n\t<div class=\"vc_col-sm-12 wpb_column column_container with_padding\" style=\"padding:\" data-animation=\"\" data-delay=\"\">\n\t\t<div class=\"wpb_wrapper\">\n\t\t\t\t<div class=\"vc_empty_space\"  style=\"height: 32px\" ><span\n\t\t\tclass=\"vc_empty_space_inner\"><\/span><\/div>\n\t\t<\/div> \n\t<\/div> \n<\/div><\/div><\/div><div id=\"fws_69e2e4a80b06a\" class=\"wpb_row animate_onoffset  vc_row-fluid  animate_onoffset row-dynamic-el standard_section    \" style=\"padding-top: 0px !important; padding-bottom: 0px !important; \"><div class=\"container  dark\"><div class=\"section_clear\">\n\t<div class=\"vc_col-sm-4 wpb_column column_container with_padding\" style=\"padding:\" data-animation=\"\" data-delay=\"\">\n\t\t<div class=\"wpb_wrapper\">\n\t\t\t\n\t<div class=\"wpb_raw_code wpb_content_element wpb_raw_html\">\n\t\t<div class=\"wpb_wrapper\">\n\t\t\t<div class=\" services_boxed wpb_content_element \"><div onclick=\"window.location = '\/chi-siamo\/#cercetare-inovatie'\" class=\"icon_wrapper\"><div class=\"overlay\"><\/div><i><img src=\"\/wp-content\/uploads\/2015\/10\/cercetam-icon.png\" style=\"width: 64px;\"><\/i><\/div><h4><a href=\"\/chi-siamo\/#cercetare-inovatie\">Ricerchiamo e innoviamo<\/a><\/h4><p>AEM va oltre l\u2019innovazione e fornisce soluzioni ai nostri clienti, un intero sistema composto da software e hardware che legge il consumo di energia, comunica con un server e invia le fatture ai consumatori. Con AEM, tutto \u00e8 possibile. <\/p><\/div>\n\t\t<\/div>\n\t<\/div>\n\n\t\t<\/div> \n\t<\/div> \n\n\t<div class=\"vc_col-sm-4 wpb_column column_container with_padding\" style=\"padding:\" data-animation=\"\" data-delay=\"\">\n\t\t<div class=\"wpb_wrapper\">\n\t\t\t\n\t<div class=\"wpb_raw_code wpb_content_element wpb_raw_html\">\n\t\t<div class=\"wpb_wrapper\">\n\t\t\t<div class=\" services_boxed wpb_content_element \"><div onclick=\"window.location = '\/it\/qualita'\" class=\"icon_wrapper\"><div class=\"overlay\"><\/div><i><img src=\"\/wp-content\/uploads\/2015\/10\/standarde-icon.png\" style=\"width: 64px;\"><\/i><\/div><h4><a href=\"\/it\/qualita\">Lavoriamo ad alti livelli<\/a><\/h4><p>AEM vanta tecnologie in grado di creare prodotti adatti agli standard sia di oggi che del futuro. AEM ha adottato una politica di qualit\u00e0 dal costante desiderio di soddisfare le esigenze dei clienti e il livello delle norme internazionali in vigore.<\/p><\/div>\n\t\t<\/div>\n\t<\/div>\n\n\t\t<\/div> \n\t<\/div> \n\n\t<div class=\"vc_col-sm-4 wpb_column column_container with_padding\" style=\"padding:\" data-animation=\"\" data-delay=\"\">\n\t\t<div class=\"wpb_wrapper\">\n\t\t\t\n\t<div class=\"wpb_raw_code wpb_content_element wpb_raw_html\">\n\t\t<div class=\"wpb_wrapper\">\n\t\t\t<div class=\" services_boxed wpb_content_element \"><div onclick=\"window.location = '\/responsabilita-sociale'\" class=\"icon_wrapper\"><div class=\"overlay\"><\/div><i><img src=\"\/wp-content\/uploads\/2015\/10\/investim-icon.png\" style=\"width: 64px;\"><\/i><\/div><h4><a href=\"\/responsabilita-sociale\/\"> Investiamo nel futuro <\/a><\/h4><p>Tanto la nostra capacit\u00e0 di risposta nello sviluppo dei prodotti, quanto il costante cambiamento delle esigenze e dei requisiti reali dei nostri clienti contribuiscono ugualmente alla modernizzazione e tecnologizzazione dei processi produttivi.<\/p><\/div>\n\t\t<\/div>\n\t<\/div>\n\n\t\t<\/div> \n\t<\/div> \n<\/div><\/div><\/div><div id=\"fws_69e2e4a80cbb5\" class=\"wpb_row animate_onoffset  vc_row-fluid  animate_onoffset row-dynamic-el standard_section    \" style=\"padding-top: 0px !important; padding-bottom: 0px !important; \"><div class=\"container  dark\"><div class=\"section_clear\">\n\t<div class=\"vc_col-sm-12 wpb_column column_container with_padding\" style=\"padding:\" data-animation=\"\" data-delay=\"\">\n\t\t<div class=\"wpb_wrapper\">\n\t\t\t<div class=\"header \" style=\"\"><h2>Prodotti<\/h2><\/div>\n\t<div class=\"wpb_raw_code wpb_content_element wpb_raw_html\">\n\t\t<div class=\"wpb_wrapper\">\n\t\t\t<script src=\"\/wp-content\/lateral-slider\/jquery-pause.js\"><\/script>\n<script>\nvar dir = \"\/wp-content\/lateral-slider\/prod\/\"; \/\/ directory containing images\nvar fileExtension = \".png\"; \/\/ for multiple extensions use var fileExtension = [\".png\", \".jpg\"];\nvar imgWrapperWidth = 220; \/\/ width of one image wrapper in px, also change in css .image-wrapper { width: x }\nvar $slidingWrapper;\nvar $imgWrappers;\nvar left = true; \/\/ slide left first\nvar time = 120000; \/\/ ms, adjust speed here\n\/\/ urls for each image \nvar electrical = \"it\/contoare-de-electricitate\/#\";\nvar gas = \"it\/gas-meters\/#\";\nvar other = \"it\/altri-prodotti\/#\";\n\njQuery(document).ready(function($) {\n\t$slidingWrapper = $(\"#sliding-wrapper\");\n\t$.ajax({\n\t\t\/\/This will retrieve the contents of the folder if the folder is configured as 'browsable'\n\t\turl: dir,\n\t\tsuccess: function (data) {\n\t\t\t\/\/List all .png file names in the page\n\t\t\tvar i = 0;\n\t\t\t\/\/ for each image found in dir\n\t\t\t$(data).find(\"a:contains(\" + fileExtension + \")\").each(function () {\n\t\t\t\t\/\/ get image filename\n\t\t\t\tvar filename = this.href.substring(this.href.lastIndexOf(\"\/\") + 1, this.href.lenght);\n\t\t\t\t\/\/ place each image at imgWrapperWidth left of the previous\n\t\t\t\t$slidingWrapper.append(\"<div style='left:\" + i * imgWrapperWidth + \"px' class='image-wrapper'><a href='\" + getURL(filename) + \"'><img class='slider-image' src='\" + dir + filename + \"'\/><\/a><\/div>\");\n\t\t\t\ti++;\n\t\t\t});\n\t\t}\n\t}).done(function slide() {\n\t\t$imgWrappers = $(\".image-wrapper\");\n\t\t\/\/setInterval(animation, time); \/\/ set repetition interval\n\t\tanimation(); \/\/ trigger animation once until setInterval begins\n\t});\n\t$(\"#slider-wrapper\").hover(\n\t\tfunction() {\n\t\t\t$slidingWrapper.pause();\n\t\t},\n\t\tfunction() {\n\t\t\t$slidingWrapper.resume();\n\t\t}\n\t);\n});\nfunction animation() {\n\tif (left) {\n\t\t\/\/ animate to the left all to images' widths - container width \n\t\t\/\/ 'linear' = no acceletarion \/ 'swing' = acceletarion\n\t\t$slidingWrapper.animate({left: -(imgWrapperWidth * $imgWrappers.length - jQuery(\"#slider-wrapper\").width())}, time, 'linear', animation);\n\t}\n\telse {\n\t\t$slidingWrapper.animate({left: 0}, time, 'linear', animation); \n\t}\n\tleft = !left;\n}\nfunction getURL(f) {\n\tvar url = \"#\";\n\tif (f == null || f == undefined)\n\t\treturn url;\n\tif (f.substr(0, 2) == \"E-\") {\n\t\turl = electrical + f.substring(f.indexOf(\"-\") + 1, f.indexOf(\"_\"));\n\t}\n\telse if (f.substr(0, 2) == \"G-\") {\n\t\turl = gas + f.substring(f.indexOf(\"-\") + 1, f.indexOf(\"_\"));\n\t}\n\telse if (f.substr(0, 2) == \"X-\") {\n\t\turl = other + f.substring(f.indexOf(\"-\") + 1, f.indexOf(\"_\"));\n\t}\n\treturn url;\n}\n<\/script>\n<a href=\"\/produse-si-solutii\/\" style=\"float: left; width: 100%;\">\n<div id=\"slider-wrapper\"> \n<div id=\"sliding-wrapper\">\n<\/div>\n<\/div>\n<\/a>\n<style>\n#slider-wrapper {\n\tposition: relative;\n\twidth: 100%;\n\theight: 200px;\n\tmargin: 0;\n\tborder: 1px solid orange;\n\toverflow: hidden;\n\ttext-align: left;\n}\n#sliding-wrapper {\n\tposition: absolute;\n\theight: 100%;\n\twidth: 100%;\n\tleft: 0;\n}\n.image-wrapper {\n\tposition: absolute;\n\tdisplay: inline-block;\n\theight: 100%;\n\twidth: 220px;\n\ttext-align: center;\n}\n.slider-image {\n\theight: calc(100% - 20px);\n\tpadding: 10px 20px 10px 20px;\n}\n<\/style>\n\t\t<\/div>\n\t<\/div>\n\n\t\t<\/div> \n\t<\/div> \n<\/div><\/div><\/div><div id=\"fws_69e2e4a80e101\" class=\"wpb_row animate_onoffset  vc_row-fluid  animate_onoffset row-dynamic-el section-style    \" style=\"padding-top: 0px !important; padding-bottom: 0px !important; \"><div class=\"container  dark\"><div class=\"section_clear\">\n\t<div class=\"vc_col-sm-6 wpb_column column_container with_padding\" style=\"padding:\" data-animation=\"\" data-delay=\"\">\n\t\t<div class=\"wpb_wrapper\">\n\t\t\t\t<div class=\"vc_empty_space\"  style=\"height: 32px\" ><span\n\t\t\tclass=\"vc_empty_space_inner\"><\/span><\/div><div class=\"recent_news wpb_content_element\"><div class=\"header\"><h2>Notizie<\/h2><\/div><div class=\"pagination news\"><a href=\"#\" class=\"prev\"><\/a><a href=\"#\" class=\"next\"><\/a><\/div><div class=\"row\"><div class=\"news-carousel \"><div class=\"news-carousel-item\"><dl class=\"news-article blog-article dl-horizontal\"><dt><img src=\"https:\/\/www.aem.ro\/wp-content\/uploads\/2016\/02\/AEM1393329863530c86c79e353-700x3011-80x77.jpg\" alt=\"\"><\/dt><dd><h5><a href=\"https:\/\/www.aem.ro\/it\/2015\/11\/12\/aem-alla-fiera-internazionale-middle-east-electricity\/\">AEM alla fiera internazionale \u201cMiddle East Electricity\u201d<\/a><\/h5><div class=\"blog-content\">AEM ha partecipato alla fiera internazionale \u201cMiddle East Electricity\u201d che si \u00e8 svolta a Dubai nel periodo 11-13 febbraio,...<\/div><div class=\"read_more\"><a href=\"https:\/\/www.aem.ro\/it\/2015\/11\/12\/aem-alla-fiera-internazionale-middle-east-electricity\/\">Read More<\/a><\/div><\/dd><\/dl><\/div><div class=\"news-carousel-item\"><dl class=\"news-article blog-article dl-horizontal\"><dt><img src=\"https:\/\/www.aem.ro\/wp-content\/uploads\/2016\/02\/AEM13928957275305e6ef6a7b4-700x301-80x77.jpg\" alt=\"\"><\/dt><dd><h5><a href=\"https:\/\/www.aem.ro\/it\/2015\/11\/12\/aem-presente-alla-fiera-internazionale-e-world-energy-water\/\">AEM presente alla fiera internazionale \u201cE-world energy &#038; water\u201d<\/a><\/h5><div class=\"blog-content\">AEM ha partecipato alla fiera internazionale \u201cE-world energy &amp; water\u201d che ha avuto luogo a Essen, in Germania, nel...<\/div><div class=\"read_more\"><a href=\"https:\/\/www.aem.ro\/it\/2015\/11\/12\/aem-presente-alla-fiera-internazionale-e-world-energy-water\/\">Read More<\/a><\/div><\/dd><\/dl><\/div><\/div><\/div><\/div>\n\t\t<\/div> \n\t<\/div> \n\n\t<div class=\"vc_col-sm-6 wpb_column column_container with_padding\" style=\"padding:\" data-animation=\"\" data-delay=\"\">\n\t\t<div class=\"wpb_wrapper\">\n\t\t\t\t<div class=\"vc_empty_space\"  style=\"height: 32px\" ><span\n\t\t\tclass=\"vc_empty_space_inner\"><\/span><\/div><div class=\"header\"><h2>AEM nella stampa<\/h2><\/div><div class=\"wpb_content_element full_testimonials normal\"><div class=\"row\"><div class=\"carousel carousel_single_testimonial\"><div class=\"single_testimonial \"><div class=\"content\"><p>AEM - 40 years of production.\r\nAEM celebrated 40 years of production.\r\n\r\nThe four decades since the first meter came out the factory's production lines are proof of the company's maturity.<\/p><div class=\"data\"><h6>AEM &#8211; 40 years of production, <span class=\"position\"> <\/span><\/h6><\/div><\/div><span class=\"img_testimonial\"><img width=\"65\" height=\"65\" src=\"https:\/\/www.aem.ro\/wp-content\/uploads\/2016\/02\/AEM137173316051c2fca8d8c851-150x150.jpg\" class=\"attachment-65x65 size-65x65 wp-post-image\" alt=\"\" loading=\"lazy\" srcset=\"https:\/\/www.aem.ro\/wp-content\/uploads\/2016\/02\/AEM137173316051c2fca8d8c851-150x150.jpg 150w, https:\/\/www.aem.ro\/wp-content\/uploads\/2016\/02\/AEM137173316051c2fca8d8c851-36x36.jpg 36w, https:\/\/www.aem.ro\/wp-content\/uploads\/2016\/02\/AEM137173316051c2fca8d8c851-150x150@2x.jpg 300w, https:\/\/www.aem.ro\/wp-content\/uploads\/2016\/02\/AEM137173316051c2fca8d8c851-36x36@2x.jpg 72w\" sizes=\"(max-width: 65px) 100vw, 65px\" \/><\/span><\/div><\/div><\/div><div class=\"controls\"><a href=\"#\" class=\"prev\"><\/a><a href=\"#\" class=\"next\"><\/a><\/div><\/div>\n\t\t<\/div> \n\t<\/div> \n<\/div><\/div><\/div>\n","protected":false},"excerpt":{"rendered":"AEM - 40 years of production. AEM celebrated 40 years of production. The four decades since the first meter came out the factory's production lines are proof of the company's maturity.","protected":false},"author":1,"featured_media":0,"parent":0,"menu_order":0,"comment_status":"open","ping_status":"closed","template":"","meta":[],"_links":{"self":[{"href":"https:\/\/www.aem.ro\/it\/wp-json\/wp\/v2\/pages\/5925"}],"collection":[{"href":"https:\/\/www.aem.ro\/it\/wp-json\/wp\/v2\/pages"}],"about":[{"href":"https:\/\/www.aem.ro\/it\/wp-json\/wp\/v2\/types\/page"}],"author":[{"embeddable":true,"href":"https:\/\/www.aem.ro\/it\/wp-json\/wp\/v2\/users\/1"}],"replies":[{"embeddable":true,"href":"https:\/\/www.aem.ro\/it\/wp-json\/wp\/v2\/comments?post=5925"}],"version-history":[{"count":8,"href":"https:\/\/www.aem.ro\/it\/wp-json\/wp\/v2\/pages\/5925\/revisions"}],"predecessor-version":[{"id":7373,"href":"https:\/\/www.aem.ro\/it\/wp-json\/wp\/v2\/pages\/5925\/revisions\/7373"}],"wp:attachment":[{"href":"https:\/\/www.aem.ro\/it\/wp-json\/wp\/v2\/media?parent=5925"}],"curies":[{"name":"wp","href":"https:\/\/api.w.org\/{rel}","templated":true}]}}