{"id":5927,"date":"2016-02-02T07:13:51","date_gmt":"2016-02-02T07:13:51","guid":{"rendered":"http:\/\/aem.ro\/it\/?page_id=5927"},"modified":"2016-02-22T15:44:08","modified_gmt":"2016-02-22T15:44:08","slug":"qualita","status":"publish","type":"page","link":"https:\/\/www.aem.ro\/it\/qualita\/","title":{"rendered":"Qualit\u00e0"},"content":{"rendered":"<div id=\"fws_69e1dea37f6a1\" class=\"wpb_row animate_onoffset  vc_row-fluid  animate_onoffset row-dynamic-el standard_section    \" style=\"padding-top: 0px !important; padding-bottom: 0px !important; \"><div id=\"standarde\" style=\"position: absolute;\"><\/div><div class=\"container  dark\"><div class=\"section_clear\">\n\t<div class=\"vc_col-sm-12 wpb_column column_container with_padding\" style=\"padding:\" data-animation=\"\" data-delay=\"\">\n\t\t<div class=\"wpb_wrapper\">\n\t\t\t<div class=\"header \" style=\"\"><h2>Norme internazionali<\/h2><\/div>\n\t<div class=\"wpb_text_column wpb_content_element \">\n\t\t<div class=\"wpb_wrapper\">\n\t\t\t<p style=\"text-align: left;\"><a href=\"http:\/\/aem.ro\/wp-content\/uploads\/2015\/10\/standarde-internationale.png\"><img loading=\"lazy\" class=\"size-full wp-image-5092 alignleft\" src=\"http:\/\/aem.ro\/wp-content\/uploads\/2015\/10\/standarde-internationale.png\" alt=\"standarde-internationale\" width=\"300\" height=\"200\" \/><\/a><\/p>\n<p>La qualit\u00e0 \u00e8 un aspetto essenziale dei prodotti e dei servizi ed \u00e8 per questo che la SC AEM SA le attribuisce una particolare importanza. Il nostro obiettivo \u00e8 di determinare le esigenze dei nostri clienti e di soddisfarle.<\/p>\n<p>La missione della Societ\u00e0 SC AEM SA \u00e8 mantenere la sua posizione di leader in Romania, come produttore di contatori elettrici, promuovere i propri contatori di elettricit\u00e0 e di gas sui mercati energetici di Europa, Asia, America Latina ed essere sempre il partner preferito, competente e onesto per i nostri clienti.<\/p>\n<p>Per raggiungere questi obiettivi, tutti i prodotti sono realizzati in conformit\u00e0 con le norme e gli standard nazionali ed internazionali.<\/p>\n<p>AEM SA ha fissato obiettivi concreti a livello dell\u2019organizzazione e delle entit\u00e0 organizzative, con l\u2019obiettivo massimo di soddisfare le richieste, le esigenze e le aspettative del cliente e per questo l\u2019impegno dei dipendenti nel conoscere i propri obblighi e nel migliorare le proprie competenze, conoscenze ed esperienza \u00e8 assicurato. Il miglioramento continuo \u00e8 una componente importante della gestione aziendale e di ogni dipendente.<\/p>\n<p>Le verifiche e le tarature metrologiche, le prove dei nostri prodotti e di altri mezzi di misura sono effettuate nei laboratori. Il laboratorio di metrologia \u00e8 accreditato secondo la norma EN ISO\/CEI 17025 e autorizzato dall\u2019Ufficio rumeno di metrologia legale.<\/p>\n<p>Attraverso la sua politica per l\u2019ambiente, la salute e sicurezza sul lavoro, la SC AEM SA si impegna a realizzare i prodotti e i servizi del profilo di produzione secondo i requisiti specificati, senza pregiudicare l\u2019ambiente, la salute e la sicurezza sul lavoro del proprio personale e di quello connesso alle sue attivit\u00e0; la soddisfazione di tali requisiti \u00e8 assicurata mediante l\u2019attuazione delle norme ISO 14001 e OHSAS 18001. Per garantire la tutela ambientale, AEM SA ha investito costantemente in impianti non inquinanti, tra cui impianti di depurazione delle acque reflue o impianti di depurazione dai gas da zincatura.<\/p>\n<p>Gli specialisti della nostra Azienda mettono tutta la loro passione e attenzione in ogni processo tecnologico, dalla prima fase del processo di produzione fino ai servizi e alle soluzioni che forniscono ai clienti. In questo modo si garantisce la qualit\u00e0 riconosciuta a livello mondiale delle apparecchiature per la misurazione dell\u2019elettricit\u00e0 e del gas.<\/p>\n\n\t\t<\/div> \n\t<\/div> \n\t<div class=\"wpb_raw_code wpb_content_element wpb_raw_html\">\n\t\t<div class=\"wpb_wrapper\">\n\t\t\t<a href=\"\/wp-content\/PDF\/AEM_qual_it.pdf\" target=\"_blank\">\n<div class=\"custom-btn\" style=\"width: 140px;\">\n\tScarica politica della qualit\u00e0\n<\/div>\n<\/a>\n\t\t<\/div>\n\t<\/div>\n\t<div class=\"vc_empty_space\"  style=\"height: 32px\" ><span\n\t\t\tclass=\"vc_empty_space_inner\"><\/span><\/div>\n\t\t<\/div> \n\t<\/div> \n<\/div><\/div><\/div><div id=\"fws_69e1dea380c5d\" class=\"wpb_row animate_onoffset  vc_row-fluid  animate_onoffset row-dynamic-el standard_section    \" style=\"padding-top: 0px !important; padding-bottom: 0px !important; \"><div id=\"testare\" style=\"position: absolute;\"><\/div><div class=\"container  dark\"><div class=\"section_clear\">\n\t<div class=\"vc_col-sm-12 wpb_column column_container with_padding\" style=\"padding:\" data-animation=\"\" data-delay=\"\">\n\t\t<div class=\"wpb_wrapper\">\n\t\t\t<div class=\"header \" style=\"\"><h2>Gestione della qualit\u00e0 dei prodotti e dei processi<\/h2><\/div>\n\t<div class=\"wpb_text_column wpb_content_element \">\n\t\t<div class=\"wpb_wrapper\">\n\t\t\t<p><a href=\"http:\/\/aem.ro\/wp-content\/uploads\/2015\/10\/AEM_3500.jpg\"><img loading=\"lazy\" class=\"alignnone size-medium wp-image-4629\" src=\"http:\/\/aem.ro\/wp-content\/uploads\/2015\/10\/AEM_3500.jpg\" alt=\"AEM_3500\" width=\"1\" height=\"1\" \/><\/a><a href=\"http:\/\/aem.ro\/wp-content\/uploads\/2015\/10\/AEM_35001.jpg\"><img loading=\"lazy\" class=\"size-medium wp-image-4631 alignleft\" src=\"http:\/\/aem.ro\/wp-content\/uploads\/2015\/10\/AEM_35001-300x200.jpg\" alt=\"AEM_3500\" width=\"300\" height=\"200\" srcset=\"https:\/\/www.aem.ro\/wp-content\/uploads\/2015\/10\/AEM_35001-300x200.jpg 300w, https:\/\/www.aem.ro\/wp-content\/uploads\/2015\/10\/AEM_35001-1024x683.jpg 1024w, https:\/\/www.aem.ro\/wp-content\/uploads\/2015\/10\/AEM_35001-930x620.jpg 930w, https:\/\/www.aem.ro\/wp-content\/uploads\/2015\/10\/AEM_35001.jpg 1920w, https:\/\/www.aem.ro\/wp-content\/uploads\/2015\/10\/AEM_35001-300x200@2x.jpg 600w, https:\/\/www.aem.ro\/wp-content\/uploads\/2015\/10\/AEM_35001-930x620@2x.jpg 1860w\" sizes=\"(max-width: 300px) 100vw, 300px\" \/><\/a>L\u2019Azienda ha investito nella realizzazione di impianti automatizzati per garantire i pi\u00f9 elevati standard di qualit\u00e0 dei prodotti. I processi di acquisizione dati sono realizzati interamente da computer che assicurano i processi di produzione nei minimi particolari, riducendo al minimo il rischio di errore umano.<\/p>\n<p>Conoscendo le esigenze del mercato di energia elettrica, l\u2019Azienda ha sviluppato una gamma ampia di soluzioni intelligenti in forma dei sistemi SMART AMR, fornendo la flessibilit\u00e0 e l\u2019efficienza tanto per l\u2019acquisizione dei dati, quanto per la gestione e la distribuzione delle informazioni a clienti, fornitori, aziende di servizio pubblico o fornitori di servizi, facilitando la loro integrazione con altri sistemi di gestione dei dati.<\/p>\n<p>Al fine di garantire i massimi livelli qualitativi, le officine di assemblaggio dei contatori sono dotate delle pi\u00f9 moderne attrezzature automatizzate. La verifica metrologica dei contatori \u00e8 realizzata con attrezzature di prova ad alte prestazioni in sistemi automatizzati e assistiti da computer.<\/p>\n<p>AEM SA si affida a persone specializzate nella settore della ricerca e della misurazione dell\u2019energia, che usano sistemi informatici avanzati e applicativi dedicati per la progettazione assistita da computer, per realizzare tutti i nostri prodotti ai pi\u00f9 alti livelli di qualit\u00e0.<\/p>\n\n\t\t<\/div> \n\t<\/div> \n\t\t<\/div> \n\t<\/div> \n<\/div><\/div><\/div><div id=\"fws_69e1dea381520\" class=\"wpb_row animate_onoffset  vc_row-fluid  animate_onoffset row-dynamic-el standard_section    \" style=\"padding-top: 0px !important; padding-bottom: 0px !important; \"><div id=\"certificate\" style=\"position: absolute;\"><\/div><div class=\"container  dark\"><div class=\"section_clear\">\n\t<div class=\"vc_col-sm-12 wpb_column column_container with_padding\" style=\"padding:\" data-animation=\"\" data-delay=\"\">\n\t\t<div class=\"wpb_wrapper\">\n\t\t\t<div class=\"header \" style=\"\"><h2>Certificati<\/h2><\/div>\n\t\t<\/div> \n\t<\/div> \n<\/div><\/div><\/div><div id=\"fws_69e1dea381b9b\" class=\"wpb_row animate_onoffset  vc_row-fluid  animate_onoffset row-dynamic-el standard_section    \" style=\"padding-top: 0px !important; padding-bottom: 0px !important; \"><div class=\"container  dark\"><div class=\"section_clear\">\n\t<div class=\"vc_col-sm-12 wpb_column column_container with_padding\" style=\"padding:\" data-animation=\"\" data-delay=\"\">\n\t\t<div class=\"wpb_wrapper\">\n\t\t\t\n\t<div class=\"wpb_raw_code wpb_content_element wpb_raw_html\">\n\t\t<div class=\"wpb_wrapper\">\n\t\t\t<script src=\"\/wp-content\/lateral-slider\/jquery-pause.js\"><\/script>\n<script>\nvar dir = \"\/wp-content\/lateral-slider\/certificate\/\"; \/\/ directory containing images\nvar fileExtension = \".jpg\"; \/\/ for multiple extensions use var fileExtension = [\".png\", \".jpg\"];\nvar imgWrapperWidth = 220; \/\/ width of one image wrapper in px, also change in css .image-wrapper { width: x }\nvar $slidingWrapper;\nvar $imgWrappers;\nvar left = true; \/\/ slide left first\nvar time = 100000; \/\/ ms, adjust speed here\n\/\/ urls for each image \n\njQuery(document).ready(function($) {\n\t$slidingWrapper = $(\"#sliding-wrapper\");\n\t$.ajax({\n\t\t\/\/This will retrieve the contents of the folder if the folder is configured as 'browsable'\n\t\turl: dir,\n\t\tsuccess: function (data) {\n\t\t\t\/\/List all .png file names in the page\n\t\t\tvar i = 0;\n\t\t\t\/\/ for each image found in dir\n\t\t\t$(data).find(\"a:contains(\" + fileExtension + \")\").each(function () {\n\t\t\t\t\/\/ get image filename\n\t\t\t\tvar filename = this.href.substring(this.href.lastIndexOf(\"\/\") + 1, this.href.lenght);\n\t\t\t\t\/\/ place each image at imgWrapperWidth left of the previous\n\t\t\t\t$slidingWrapper.append(\"<div style='left:\" + i * imgWrapperWidth + \"px' class='image-wrapper'><a href='\" + getURL(filename) + \"'><img class='slider-image' src='\" + dir + filename + \"'\/><\/a><\/div>\");\n\t\t\t\ti++;\n\t\t\t});\n\t\t}\n\t}).done(function slide() {\n\t\t$imgWrappers = $(\".image-wrapper\");\n\t\t\/\/setInterval(animation, time); \/\/ set repetition interval\n\t\tanimation(); \/\/ trigger animation once until setInterval begins\n\t});\n\t$(\"#slider-wrapper\").hover(\n\t\tfunction() {\n\t\t\t$slidingWrapper.pause();\n\t\t},\n\t\tfunction() {\n\t\t\t$slidingWrapper.resume();\n\t\t}\n\t);\n});\nfunction animation() {\n\tif (left) {\n\t\t\/\/ animate to the left all to images' widths - container width \n\t\t\/\/ 'linear' = no acceletarion \/ 'swing' = acceletarion\n\t\t$slidingWrapper.animate({left: -(imgWrapperWidth * $imgWrappers.length - jQuery(\"#slider-wrapper\").width())}, time, 'linear', animation);\n\t}\n\telse {\n\t\t$slidingWrapper.animate({left: 0}, time, 'linear', animation); \n\t}\n\tleft = !left;\n}\nfunction getURL(f) {\n\treturn \"\/wp-content\/lateral-slider\/certificate-xl\/\" + f;\n}\n<\/script>\n<a href=\"#\" style=\"float: left; width: 100%;\">\n<div id=\"slider-wrapper\"> \n<div id=\"sliding-wrapper\">\n<\/div>\n<\/div>\n<\/a>\n<style>\n#slider-wrapper {\n\tposition: relative;\n\twidth: 100%;\n\theight: 200px;\n\tmargin: 0;\n\tborder: 1px solid orange;\n\toverflow: hidden;\n\ttext-align: left;\n        background-color: rgba(255, 152, 0, 0.15);\n}\n#sliding-wrapper {\n\tposition: absolute;\n\theight: 100%;\n\twidth: 100%;\n\tleft: 0;\n}\n.image-wrapper {\n\tposition: absolute;\n\tdisplay: inline-block;\n\theight: 100%;\n\twidth: 220px;\n\ttext-align: center;\n}\n.slider-image {\n\theight: calc(100% - 20px);\n\tpadding: 10px 20px 10px 20px;\n}\n<\/style>\n\t\t<\/div>\n\t<\/div>\n\n\t\t<\/div> \n\t<\/div> \n<\/div><\/div><\/div>\n","protected":false},"excerpt":{"rendered":"Norme internazionali La qualit\u00e0 \u00e8 un aspetto essenziale dei prodotti e dei servizi ed \u00e8 per questo che la SC AEM SA le attribuisce una particolare importanza. Il nostro obiettivo \u00e8 di determinare le esigenze dei nostri clienti e di soddisfarle. La missione della Societ\u00e0 SC AEM SA \u00e8 mantenere la sua posizione di leader","protected":false},"author":1,"featured_media":0,"parent":0,"menu_order":0,"comment_status":"closed","ping_status":"closed","template":"","meta":[],"_links":{"self":[{"href":"https:\/\/www.aem.ro\/it\/wp-json\/wp\/v2\/pages\/5927"}],"collection":[{"href":"https:\/\/www.aem.ro\/it\/wp-json\/wp\/v2\/pages"}],"about":[{"href":"https:\/\/www.aem.ro\/it\/wp-json\/wp\/v2\/types\/page"}],"author":[{"embeddable":true,"href":"https:\/\/www.aem.ro\/it\/wp-json\/wp\/v2\/users\/1"}],"replies":[{"embeddable":true,"href":"https:\/\/www.aem.ro\/it\/wp-json\/wp\/v2\/comments?post=5927"}],"version-history":[{"count":3,"href":"https:\/\/www.aem.ro\/it\/wp-json\/wp\/v2\/pages\/5927\/revisions"}],"predecessor-version":[{"id":7410,"href":"https:\/\/www.aem.ro\/it\/wp-json\/wp\/v2\/pages\/5927\/revisions\/7410"}],"wp:attachment":[{"href":"https:\/\/www.aem.ro\/it\/wp-json\/wp\/v2\/media?parent=5927"}],"curies":[{"name":"wp","href":"https:\/\/api.w.org\/{rel}","templated":true}]}}